{"id":1659,"date":"2024-03-13T20:39:56","date_gmt":"2024-03-13T18:39:56","guid":{"rendered":"https:\/\/pixelat.ro\/terms-conditions\/"},"modified":"2025-07-06T16:57:55","modified_gmt":"2025-07-06T13:57:55","slug":"terms-conditions","status":"publish","type":"page","link":"https:\/\/pixelat.ro\/en\/terms-conditions\/","title":{"rendered":"Termeni \u0219i Condi\u021bii"},"content":{"rendered":"<div>\n<div class=\"gb-element-605639cb\">\n<h2 class=\"wp-block-heading\">Termeni \u0219i condi\u021bii de utilizare a website-ului www.pixelat.ro <\/h2>\n\n\n\n<h2 class=\"wp-block-heading\" style=\"font-size:38px;line-height:1.4\">Introducere<\/h2>\n\n\n\n<div class=\"wp-block-columns is-layout-flex wp-container-core-columns-is-layout-9d6595d7 wp-block-columns-is-layout-flex\">\n<div class=\"wp-block-column is-layout-flow wp-block-column-is-layout-flow\">\n<p style=\"font-size:18px\">Aceast\u0103 pagin\u0103 prezint\u0103 Termenii \u0219i Condi\u021biile de Utilizare a website-ului Pixelat. Adresa web a site-ului Pixelat este: <strong>www.pixelat.ro<\/strong>. Website-ul Pixelat este proprietatea: Monkey Mind Srl, J40\/5073\/2016; 35921997; \u00a0str. Giuseppe Garibaldi nr.16, sector 2, Bucure\u0219ti. Ace\u0219ti Termeni se vor aplica \u00een totalitate \u0219i vor afecta utilizarea acestui site web. Prin utilizarea acestui site web, e\u0219ti de acord s\u0103 accep\u021bi to\u021bi termenii \u0219i condi\u021biile scrise aici. Nu trebuie s\u0103 utilizezi acest site web dac\u0103 nu e\u0219ti de acord cu oricare dintre ace\u0219ti Termeni \u0219i condi\u021bii standard ai site-ului web.<\/p>\n\n\n\n<h2 class=\"wp-block-heading\">Drepturile de proprietate intelectual\u0103<\/h2>\n\n\n\n<p>Toate drepturile de proprietate intelectual\u0103 asupra con\u021binutului \u0219i materialelor acestui website, inclusiv, dar f\u0103r\u0103 a se limita la, text, grafic\u0103, logo-uri, imagini, clipuri video \u0219i design grafic, sunt de\u021binute de Pixelat \u0219i sunt protejate de legile privind drepturile de autor \u0219i alte legi aplicabile de pe teritoriul Rom\u00e2niei. Utilizatorilor li se acord\u0103 o licen\u021b\u0103 limitat\u0103: numai \u00een scopul vizualiz\u0103rii materialelor con\u021binute pe acest site web.<\/p>\n\n\n\n<h2 class=\"wp-block-heading\">Utilizarea website-ului<\/h2>\n\n\n\n<p>Utilizarea acestui website este permis\u0103 \u00een scopuri personale \u0219i non-comerciale. Nu sunte\u021bi autorizat s\u0103 copia\u021bi, modifica\u021bi, distribui\u021bi, transmite\u021bi, afi\u0219a\u021bi, vinde\u021bi sau exploata\u021bi \u00een alt mod con\u021binutul acestui website f\u0103r\u0103 acordul scris prealabil al Pixelat.<\/p>\n\n\n\n<h2 class=\"wp-block-heading\">Abonarea la Newsletter<\/h2>\n\n\n\n<p>Prin abonarea la Newsletter-ul nostru, e\u0219ti de acord s\u0103 prime\u0219ti comunic\u0103ri electronice de la noi. Aceste comunic\u0103ri pot include actualiz\u0103ri ale serviciilor noastre, oferte speciale \u0219i informa\u021bii despre produse. Ao op\u021biunea de a te dezabona de la aceste comunic\u0103ri \u00een orice moment.<\/p>\n\n\n\n<h2 class=\"wp-block-heading\">Restric\u021bii<\/h2>\n\n\n\n<p>Sunt interzise \u00een mod special urm\u0103toarele ac\u021biuni pe site-ul Pixelat:<\/p>\n\n\n\n<ul class=\"wp-block-list\">\n<li>publicarea oric\u0103rui material de pe site-ul web \u00een orice alt mediu;<\/li>\n\n\n\n<li>v\u00e2nzarea, sublicen\u021bierea \u0219i\/sau comercializarea \u00een alt mod a oric\u0103rui material de pe site-ul web;<\/li>\n\n\n\n<li>interpretarea \u0219i\/sau prezentarea public\u0103 a oric\u0103rui material de pe site-ul web;<\/li>\n\n\n\n<li>utilizarea acestui site \u00een orice mod care este sau poate fi d\u0103un\u0103tor pentru acest site;<\/li>\n\n\n\n<li>utilizarea acestui site web \u00een orice mod care afecteaz\u0103 accesul utilizatorilor la acest site web;<\/li>\n\n\n\n<li>utilizarea acestui site web contrar legilor \u0219i reglement\u0103rilor aplicabile sau care, \u00een orice mod, poate cauza prejudicii site-ului web sau oric\u0103rei persoane sau entit\u0103\u021bi comerciale;<\/li>\n\n\n\n<li>angajarea \u00een orice activitate de extragere de date, colectare de date, extragere de date sau orice alt\u0103 activitate similar\u0103 \u00een leg\u0103tur\u0103 cu acest site web;<\/li>\n\n\n\n<li>utilizarea acestui site web pentru a se angaja \u00een orice fel de publicitate sau marketing, f\u0103r\u0103 acordul prealabil scris din partea Pixelat.<\/li>\n<\/ul>\n<\/div>\n\n\n\n<div class=\"wp-block-column is-layout-flow wp-block-column-is-layout-flow\">\n<h2 class=\"wp-block-heading\">Crearea unui cont \u0219i protejarea datelor<\/h2>\n\n\n\n<p>La crearea unui cont pe website-ul nostru, e\u0219ti responsabil pentru men\u021binerea confiden\u021bialit\u0103\u021bii informa\u021biilor de conectare \u0219i pentru restric\u021bionarea accesului la contul t\u0103u. E\u0219ti de acord s\u0103 ne furnizazi informa\u021bii precise, complete \u0219i actualizate \u0219i s\u0103 \u00ee\u021bi actualizezi informa\u021biile de conectare \u00een cazul \u00een care acestea se schimb\u0103.<\/p>\n\n\n\n<h2 class=\"wp-block-heading\">Condi\u021biile utilizatorului <\/h2>\n\n\n\n<p>\u00cen ace\u0219ti Termeni \u0219i condi\u021bii standard ai site-ului web, &#8222;Con\u021binutul utilizatorului&#8221; \u00eenseamn\u0103 orice text audio, video, imagini sau alte materiale pe care alege\u021bi s\u0103 le afi\u0219a\u021bi pe acest site web, prin comentarii la articole sau prin expediere pe pagina Contact sau la adresa de email contact@pixelat.ro. Prin afi\u0219area Con\u021binutului, acorzi lui Pixelat o licen\u021b\u0103 neexclusiv\u0103, irevocabil\u0103 la nivel mondial \u0219i sublicen\u021biabil\u0103 de a utiliza, reproduce, adapta, publica, traduce \u0219i distribui \u00een orice tip de media.<\/p>\n\n\n\n<h2 class=\"wp-block-heading\">Politica de confiden\u021bialitate<\/h2>\n\n\n\n<p>Te rug\u0103m s\u0103 cite\u0219ti Politica de Confiden\u021bialitate, disponibil\u0103 <a href=\"https:\/\/pixelat.ro\/en\/privacy-policy-3\/\">here<\/a>. <\/p>\n\n\n\n<h2 class=\"wp-block-heading\">Limitarea r\u0103spunderii<\/h2>\n\n\n\n<p>Pixelat nu poate fi f\u0103cut responsabil pentru orice prejudiciu direct, indirect, special sau accidental \u00a0rezultat din utilizarea sau imposibilitatea de a utiliza acest website sau din orice informa\u021bie, produse sau servicii ob\u021binute prin intermediul acestuia.<\/p>\n\n\n\n<h2 class=\"wp-block-heading\">Modific\u0103ri ale Termenilor \u0219i Condi\u021biilor<\/h2>\n\n\n\n<p>Ne rezerv\u0103m dreptul de a actualiza sau modifica ace\u0219ti Termeni \u0219i Condi\u021bii \u00een orice moment, f\u0103r\u0103 notificare prealabil\u0103. V\u0103 recomand\u0103m s\u0103 revizui\u021bi periodic ace\u0219ti termeni pentru a fi la curent cu orice modific\u0103ri. Continuarea utiliz\u0103rii website-ului dup\u0103 publicarea modific\u0103rilor reprezint\u0103 acceptarea acestora.<\/p>\n\n\n\n<h2 class=\"wp-block-heading\">Legea aplicabil\u0103 <\/h2>\n\n\n\n<p>Ace\u0219ti Termeni \u0219i Condi\u021bii sunt guverna\u021bi de legile de pe teritoriul Rom\u00e2niei \u0219i sunt supu\u0219i jurisdic\u021biei exclusiviste a tribunalelor din Rom\u00e2nia.<\/p>\n\n\n\n<h2 class=\"wp-block-heading\">Contact<\/h2>\n\n\n\n<p>Dac\u0103 ai \u00eentreb\u0103ri sau nel\u0103muriri referitoare la ace\u0219ti Termeni \u0219i Condi\u021bii, v\u0103 rug\u0103m s\u0103 ne contacta\u021bi pe email, la adresa <strong>contact@pixelat.ro<\/strong><\/p>\n\n\n\n<p>Ultima actualizare: 06 iulie 2025. <\/p>\n<\/div>\n<\/div>\n<\/div>\n<\/div>","protected":false},"excerpt":{"rendered":"<p>Termeni \u0219i condi\u021bii de utilizare a website-ului www.pixelat.ro Introducere Aceast\u0103 pagin\u0103 prezint\u0103 Termenii \u0219i Condi\u021biile de Utilizare a website-ului Pixelat. Adresa web a site-ului Pixelat este: www.pixelat.ro. Website-ul Pixelat este proprietatea: Monkey Mind Srl, J40\/5073\/2016; 35921997; \u00a0str. Giuseppe Garibaldi nr.16, sector 2, Bucure\u0219ti. Ace\u0219ti Termeni se vor aplica \u00een totalitate \u0219i vor afecta utilizarea acestui &#8230; <a title=\"Termeni \u0219i Condi\u021bii\" class=\"read-more\" href=\"https:\/\/pixelat.ro\/en\/terms-conditions\/\" aria-label=\"Read more about Termeni \u0219i Condi\u021bii\">Read more<\/a><\/p>","protected":false},"author":1,"featured_media":0,"parent":0,"menu_order":0,"comment_status":"closed","ping_status":"closed","template":"","meta":{"_monsterinsights_skip_tracking":false,"_monsterinsights_sitenote_active":false,"_monsterinsights_sitenote_note":"","_monsterinsights_sitenote_category":0,"jetpack_post_was_ever_published":false,"footnotes":""},"class_list":["post-1659","page","type-page","status-publish"],"yoast_head":"<!-- This site is optimized with the Yoast SEO plugin v25.4 - https:\/\/yoast.com\/wordpress\/plugins\/seo\/ -->\n<title>Termeni \u0219i Condi\u021bii - PIXELAT<\/title>\n<meta name=\"description\" content=\"Aici poti s\u0103 descoperi Termenii \u0219i Condi\u021biile site-ului Pixelat.\" \/>\n<meta name=\"robots\" content=\"noindex, follow\" \/>\n<meta property=\"og:locale\" content=\"en_US\" \/>\n<meta property=\"og:type\" content=\"article\" \/>\n<meta property=\"og:title\" content=\"Termeni \u0219i Condi\u021bii - PIXELAT\" \/>\n<meta property=\"og:description\" content=\"Aici poti s\u0103 descoperi Termenii \u0219i Condi\u021biile site-ului Pixelat.\" \/>\n<meta property=\"og:url\" content=\"https:\/\/pixelat.ro\/en\/terms-conditions\/\" \/>\n<meta property=\"og:site_name\" content=\"PIXELAT\" \/>\n<meta property=\"article:publisher\" content=\"https:\/\/www.facebook.com\/pixel.art.box\/\" \/>\n<meta property=\"article:modified_time\" content=\"2025-07-06T13:57:55+00:00\" \/>\n<meta name=\"twitter:card\" content=\"summary_large_image\" \/>\n<meta name=\"twitter:label1\" content=\"Est. reading time\" \/>\n\t<meta name=\"twitter:data1\" content=\"4 minutes\" \/>\n<script type=\"application\/ld+json\" class=\"yoast-schema-graph\">{\"@context\":\"https:\/\/schema.org\",\"@graph\":[{\"@type\":\"WebPage\",\"@id\":\"https:\/\/pixelat.ro\/terms-conditions\/\",\"url\":\"https:\/\/pixelat.ro\/terms-conditions\/\",\"name\":\"Termeni \u0219i Condi\u021bii - PIXELAT\",\"isPartOf\":{\"@id\":\"https:\/\/pixelat.ro\/#website\"},\"datePublished\":\"2024-03-13T18:39:56+00:00\",\"dateModified\":\"2025-07-06T13:57:55+00:00\",\"description\":\"Aici poti s\u0103 descoperi Termenii \u0219i Condi\u021biile site-ului Pixelat.\",\"breadcrumb\":{\"@id\":\"https:\/\/pixelat.ro\/terms-conditions\/#breadcrumb\"},\"inLanguage\":\"en-US\",\"potentialAction\":[{\"@type\":\"ReadAction\",\"target\":[\"https:\/\/pixelat.ro\/terms-conditions\/\"]}]},{\"@type\":\"BreadcrumbList\",\"@id\":\"https:\/\/pixelat.ro\/terms-conditions\/#breadcrumb\",\"itemListElement\":[{\"@type\":\"ListItem\",\"position\":1,\"name\":\"Prima pagin\u0103\",\"item\":\"https:\/\/pixelat.ro\/\"},{\"@type\":\"ListItem\",\"position\":2,\"name\":\"Termeni \u0219i Condi\u021bii\"}]},{\"@type\":\"WebSite\",\"@id\":\"https:\/\/pixelat.ro\/#website\",\"url\":\"https:\/\/pixelat.ro\/\",\"name\":\"PIXELAT\",\"description\":\"Art Hobby\",\"publisher\":{\"@id\":\"https:\/\/pixelat.ro\/#organization\"},\"potentialAction\":[{\"@type\":\"SearchAction\",\"target\":{\"@type\":\"EntryPoint\",\"urlTemplate\":\"https:\/\/pixelat.ro\/?s={search_term_string}\"},\"query-input\":{\"@type\":\"PropertyValueSpecification\",\"valueRequired\":true,\"valueName\":\"search_term_string\"}}],\"inLanguage\":\"en-US\"},{\"@type\":\"Organization\",\"@id\":\"https:\/\/pixelat.ro\/#organization\",\"name\":\"PIXELAT\",\"url\":\"https:\/\/pixelat.ro\/\",\"logo\":{\"@type\":\"ImageObject\",\"inLanguage\":\"en-US\",\"@id\":\"https:\/\/pixelat.ro\/#\/schema\/logo\/image\/\",\"url\":\"https:\/\/pixelat.ro\/wp-content\/uploads\/2024\/04\/cropped-cropped-fulllogo_transparent.avif\",\"contentUrl\":\"https:\/\/pixelat.ro\/wp-content\/uploads\/2024\/04\/cropped-cropped-fulllogo_transparent.avif\",\"width\":765,\"height\":765,\"caption\":\"PIXELAT\"},\"image\":{\"@id\":\"https:\/\/pixelat.ro\/#\/schema\/logo\/image\/\"},\"sameAs\":[\"https:\/\/www.facebook.com\/pixel.art.box\/\",\"https:\/\/www.instagram.com\/pixel.art.box\/\"]}]}<\/script>\n<!-- \/ Yoast SEO plugin. -->","yoast_head_json":{"title":"Termeni \u0219i Condi\u021bii - PIXELAT","description":"Aici poti s\u0103 descoperi Termenii \u0219i Condi\u021biile site-ului Pixelat.","robots":{"index":"noindex","follow":"follow"},"og_locale":"en_US","og_type":"article","og_title":"Termeni \u0219i Condi\u021bii - PIXELAT","og_description":"Aici poti s\u0103 descoperi Termenii \u0219i Condi\u021biile site-ului Pixelat.","og_url":"https:\/\/pixelat.ro\/en\/terms-conditions\/","og_site_name":"PIXELAT","article_publisher":"https:\/\/www.facebook.com\/pixel.art.box\/","article_modified_time":"2025-07-06T13:57:55+00:00","twitter_card":"summary_large_image","twitter_misc":{"Est. reading time":"4 minutes"},"schema":{"@context":"https:\/\/schema.org","@graph":[{"@type":"WebPage","@id":"https:\/\/pixelat.ro\/terms-conditions\/","url":"https:\/\/pixelat.ro\/terms-conditions\/","name":"Termeni \u0219i Condi\u021bii - PIXELAT","isPartOf":{"@id":"https:\/\/pixelat.ro\/#website"},"datePublished":"2024-03-13T18:39:56+00:00","dateModified":"2025-07-06T13:57:55+00:00","description":"Aici poti s\u0103 descoperi Termenii \u0219i Condi\u021biile site-ului Pixelat.","breadcrumb":{"@id":"https:\/\/pixelat.ro\/terms-conditions\/#breadcrumb"},"inLanguage":"en-US","potentialAction":[{"@type":"ReadAction","target":["https:\/\/pixelat.ro\/terms-conditions\/"]}]},{"@type":"BreadcrumbList","@id":"https:\/\/pixelat.ro\/terms-conditions\/#breadcrumb","itemListElement":[{"@type":"ListItem","position":1,"name":"Prima pagin\u0103","item":"https:\/\/pixelat.ro\/"},{"@type":"ListItem","position":2,"name":"Termeni \u0219i Condi\u021bii"}]},{"@type":"WebSite","@id":"https:\/\/pixelat.ro\/#website","url":"https:\/\/pixelat.ro\/","name":"PIXELAT","description":"Art Hobby","publisher":{"@id":"https:\/\/pixelat.ro\/#organization"},"potentialAction":[{"@type":"SearchAction","target":{"@type":"EntryPoint","urlTemplate":"https:\/\/pixelat.ro\/?s={search_term_string}"},"query-input":{"@type":"PropertyValueSpecification","valueRequired":true,"valueName":"search_term_string"}}],"inLanguage":"en-US"},{"@type":"Organization","@id":"https:\/\/pixelat.ro\/#organization","name":"PIXELAT","url":"https:\/\/pixelat.ro\/","logo":{"@type":"ImageObject","inLanguage":"en-US","@id":"https:\/\/pixelat.ro\/#\/schema\/logo\/image\/","url":"https:\/\/pixelat.ro\/wp-content\/uploads\/2024\/04\/cropped-cropped-fulllogo_transparent.avif","contentUrl":"https:\/\/pixelat.ro\/wp-content\/uploads\/2024\/04\/cropped-cropped-fulllogo_transparent.avif","width":765,"height":765,"caption":"PIXELAT"},"image":{"@id":"https:\/\/pixelat.ro\/#\/schema\/logo\/image\/"},"sameAs":["https:\/\/www.facebook.com\/pixel.art.box\/","https:\/\/www.instagram.com\/pixel.art.box\/"]}]}},"jetpack-related-posts":[],"jetpack_sharing_enabled":true,"_links":{"self":[{"href":"https:\/\/pixelat.ro\/en\/wp-json\/wp\/v2\/pages\/1659","targetHints":{"allow":["GET"]}}],"collection":[{"href":"https:\/\/pixelat.ro\/en\/wp-json\/wp\/v2\/pages"}],"about":[{"href":"https:\/\/pixelat.ro\/en\/wp-json\/wp\/v2\/types\/page"}],"author":[{"embeddable":true,"href":"https:\/\/pixelat.ro\/en\/wp-json\/wp\/v2\/users\/1"}],"replies":[{"embeddable":true,"href":"https:\/\/pixelat.ro\/en\/wp-json\/wp\/v2\/comments?post=1659"}],"version-history":[{"count":15,"href":"https:\/\/pixelat.ro\/en\/wp-json\/wp\/v2\/pages\/1659\/revisions"}],"predecessor-version":[{"id":3002,"href":"https:\/\/pixelat.ro\/en\/wp-json\/wp\/v2\/pages\/1659\/revisions\/3002"}],"wp:attachment":[{"href":"https:\/\/pixelat.ro\/en\/wp-json\/wp\/v2\/media?parent=1659"}],"curies":[{"name":"wp","href":"https:\/\/api.w.org\/{rel}","templated":true}]}}