{"id":3088,"date":"2025-07-13T17:34:03","date_gmt":"2025-07-13T14:34:03","guid":{"rendered":"https:\/\/pixelat.ro\/?page_id=3088"},"modified":"2025-07-13T17:34:04","modified_gmt":"2025-07-13T14:34:04","slug":"testeaza-kitul-creativ","status":"publish","type":"page","link":"https:\/\/pixelat.ro\/en\/testeaza-kitul-creativ\/","title":{"rendered":"Testeaz\u0103 Kitul Creativ"},"content":{"rendered":"<p><\/p>\n\n\n\n<div class=\"gbp-section gb-element-ca620a5d\">\n<div class=\"gbp-section__inner gb-element-d0bf7d98\">\n<div class=\"gb-element-cc1d1306\">\n<p class=\"gb-text gbp-section__tagline\">PIXELAT<\/p>\n\n\n\n<h2 class=\"gb-text gbp-section__headline\">Testeaz\u0103 Kitul Creativ Pixelat<\/h2>\n\n\n\n<p class=\"gb-text gbp-section__text\">Aboneaz\u0103-te la Newsletter \u0219i afli primul c\u00e2nd lans\u0103m noi modele. Ce zici? Vrei s\u0103 \u00eencerci un nou tip de Art Hobby? S-ar putea s\u0103 devin\u0103 activitatea ta preferat\u0103, departe de ecrane. Hai pe lista de prieteni. F\u0103r\u0103 spam! Te po\u021bi dezabona oric\u00e2nd.<\/p>\n\n\n\n<div>\n<div id=\"mc_embed_shell\">\n      <link href=\"\/\/cdn-images.mailchimp.com\/embedcode\/classic-061523.css\" rel=\"stylesheet\" type=\"text\/css\">\n  <style type=\"text\/css\">\n        #mc_embed_signup{background:#fff; false;clear:left; font:14px Helvetica,Arial,sans-serif; width: 600px;}\n        \/* Add your own Mailchimp form style overrides in your site stylesheet or in this style block.\n           We recommend moving this block and the preceding CSS link to the HEAD of your HTML file. *\/\n<\/style>\n<div id=\"mc_embed_signup\">\n    <form action=\"https:\/\/pixelat.us22.list-manage.com\/subscribe\/post?u=8cc701f7603caf70d00f32028&amp;id=0baccf5821&amp;f_id=00c3e5e1f0\" method=\"post\" id=\"mc-embedded-subscribe-form\" name=\"mc-embedded-subscribe-form\" class=\"validate\" target=\"_blank\">\n        <div id=\"mc_embed_signup_scroll\"><h2>Abonare<\/h2>\n            <div class=\"indicates-required\"><span class=\"asterisk\">*<\/span> indicates required<\/div>\n            <div class=\"mc-field-group\"><label for=\"mce-EMAIL\">Adresa de email <span class=\"asterisk\">*<\/span><\/label><input type=\"email\" name=\"EMAIL\" class=\"required email\" id=\"mce-EMAIL\" required=\"\" value=\"\"><span id=\"mce-EMAIL-HELPERTEXT\" class=\"helper_text\">email<\/span><\/div><div class=\"mc-field-group\"><label for=\"mce-FNAME\">Prenume <\/label><input type=\"text\" name=\"FNAME\" class=\"text\" id=\"mce-FNAME\" value=\"\"><\/div>\n        <div id=\"mce-responses\" class=\"clear foot\">\n            <div class=\"response\" id=\"mce-error-response\" style=\"display: none;\"><\/div>\n            <div class=\"response\" id=\"mce-success-response\" style=\"display: none;\"><\/div>\n        <\/div>\n    <div aria-hidden=\"true\" style=\"position: absolute; left: -5000px;\">\n        \/* real people should not fill this in and expect good things &#8211; do not remove this or risk form bot signups *\/\n        <input type=\"text\" name=\"b_8cc701f7603caf70d00f32028_0baccf5821\" tabindex=\"-1\" value=\"\">\n    <\/div>\n        <div class=\"optionalParent\">\n            <div class=\"clear foot\">\n                <input type=\"submit\" name=\"subscribe\" id=\"mc-embedded-subscribe\" class=\"button\" value=\"Subscribe\">\n                <p style=\"margin: 0px auto;\"><a href=\"http:\/\/eepurl.com\/iNRxw2\" title=\"Mailchimp - email marketing made easy and fun\"><span style=\"display: inline-block; background-color: transparent; border-radius: 4px;\"><img decoding=\"async\" class=\"refferal_badge\" src=\"https:\/\/digitalasset.intuit.com\/render\/content\/dam\/intuit\/mc-fe\/en_us\/images\/intuit-mc-rewards-text-dark.svg\" alt=\"Intuit Mailchimp\" style=\"width: 220px; height: 40px; display: flex; padding: 2px 0px; justify-content: center; align-items: center;\"><\/span><\/a><\/p>\n            <\/div>\n        <\/div>\n    <\/div>\n<\/form>\n<\/div>\n<script type=\"text\/javascript\" src=\"\/\/s3.amazonaws.com\/downloads.mailchimp.com\/js\/mc-validate.js\"><\/script><script type=\"text\/javascript\">(function($) {window.fnames = new Array(); window.ftypes = new Array();fnames[0]='EMAIL';ftypes[0]='email';fnames[1]='FNAME';ftypes[1]='text';fnames[2]='LNAME';ftypes[2]='text';fnames[3]='ADRESA';ftypes[3]='address';fnames[4]='TELEFON';ftypes[4]='phone';fnames[5]='MMERGE5';ftypes[5]='dropdown';\/*\n * Translated default messages for the $ validation plugin.\n * Locale: RO\n *\/\n$.extend($.validator.messages, {\n  required: \"Acest c\u00e2mp este obligatoriu.\",\n  remote: \"Te rug\u0103m s\u0103 completezi acest c\u00e2mp.\",\n  email: \"Te rug\u0103m s\u0103 introduci o adres\u0103 de email valid\u0103\",\n  url: \"Te rug\u0103m sa introduci o adres\u0103 URL valid\u0103.\",\n  date: \"Te rug\u0103m s\u0103 introduci o dat\u0103 corect\u0103.\",\n  dateISO: \"Te rug\u0103m s\u0103 introduci o dat\u0103 (ISO) corect\u0103.\",\n  number: \"Te rug\u0103m s\u0103 introduci un num\u0103r \u00eentreg valid.\",\n  digits: \"Te rug\u0103m s\u0103 introduci doar cifre.\",\n  creditcard: \"Te rug\u0103m s\u0103 introduci un numar de carte de credit valid.\",\n  equalTo: \"Te rug\u0103m s\u0103 reintroduci valoarea.\",\n  accept: \"Te rug\u0103m s\u0103 introduci o valoare cu o extensie valid\u0103.\",\n  maxlength: $.validator.format(\"Te rug\u0103m s\u0103 nu introduci mai mult de {0} caractere.\"),\n  minlength: $.validator.format(\"Te rug\u0103m s\u0103 introduci cel pu\u021bin {0} caractere.\"),\n  rangelength: $.validator.format(\"Te rug\u0103m s\u0103 introduci o valoare \u00eentre {0} \u0219i {1} caractere.\"),\n  range: $.validator.format(\"Te rug\u0103m s\u0103 introduci o valoare \u00eentre {0} \u0219i {1}.\"),\n  max: $.validator.format(\"Te rug\u0103m s\u0103 introduci o valoare egal sau mai mic\u0103 dec\u00e2t {0}.\"),\n  min: $.validator.format(\"Te rug\u0103m s\u0103 introduci o valoare egal sau mai mare dec\u00e2t {0}.\")\n});}(jQuery));var $mcj = jQuery.noConflict(true);<\/script><\/div>\n\n<\/div>\n<\/div>\n<\/div>\n<\/div>","protected":false},"excerpt":{"rendered":"<p>PIXELAT Testeaz\u0103 Kitul Creativ Pixelat Aboneaz\u0103-te la Newsletter \u0219i afli primul c\u00e2nd lans\u0103m noi modele. Ce zici? Vrei s\u0103 \u00eencerci un nou tip de Art Hobby? S-ar putea s\u0103 devin\u0103 activitatea ta preferat\u0103, departe de ecrane. Hai pe lista de prieteni. F\u0103r\u0103 spam! Te po\u021bi dezabona oric\u00e2nd. Abonare * indicates required Adresa de email *email &#8230; <a title=\"Testeaz\u0103 Kitul Creativ\" class=\"read-more\" href=\"https:\/\/pixelat.ro\/en\/testeaza-kitul-creativ\/\" aria-label=\"Read more about Testeaz\u0103 Kitul Creativ\">Read more<\/a><\/p>","protected":false},"author":1,"featured_media":0,"parent":0,"menu_order":0,"comment_status":"closed","ping_status":"closed","template":"","meta":{"_monsterinsights_skip_tracking":false,"_monsterinsights_sitenote_active":false,"_monsterinsights_sitenote_note":"","_monsterinsights_sitenote_category":0,"jetpack_post_was_ever_published":false,"footnotes":""},"class_list":["post-3088","page","type-page","status-publish"],"yoast_head":"<!-- This site is optimized with the Yoast SEO plugin v25.4 - https:\/\/yoast.com\/wordpress\/plugins\/seo\/ -->\n<title>Testeaz\u0103 Kitul Creativ - PIXELAT<\/title>\n<meta name=\"description\" content=\"Abonare la Newsletter Pixelat pentru oferte speciale \u0219i oportunitatea de a testa un nou art hobby creat \u00een Rom\u00e2nia. Descoper\u0103!\" \/>\n<meta name=\"robots\" content=\"index, follow, max-snippet:-1, max-image-preview:large, max-video-preview:-1\" \/>\n<link rel=\"canonical\" href=\"https:\/\/pixelat.ro\/en\/testeaza-kitul-creativ\/\" \/>\n<meta property=\"og:locale\" content=\"en_US\" \/>\n<meta property=\"og:type\" content=\"article\" \/>\n<meta property=\"og:title\" content=\"Testeaz\u0103 Kitul Creativ - PIXELAT\" \/>\n<meta property=\"og:description\" content=\"Abonare la Newsletter Pixelat pentru oferte speciale \u0219i oportunitatea de a testa un nou art hobby creat \u00een Rom\u00e2nia. Descoper\u0103!\" \/>\n<meta property=\"og:url\" content=\"https:\/\/pixelat.ro\/en\/testeaza-kitul-creativ\/\" \/>\n<meta property=\"og:site_name\" content=\"PIXELAT\" \/>\n<meta property=\"article:publisher\" content=\"https:\/\/www.facebook.com\/pixel.art.box\/\" \/>\n<meta property=\"article:modified_time\" content=\"2025-07-13T14:34:04+00:00\" \/>\n<meta property=\"og:image\" content=\"https:\/\/digitalasset.intuit.com\/render\/content\/dam\/intuit\/mc-fe\/en_us\/images\/intuit-mc-rewards-text-dark.svg\" \/>\n<meta name=\"twitter:card\" content=\"summary_large_image\" \/>\n<meta name=\"twitter:label1\" content=\"Est. reading time\" \/>\n\t<meta name=\"twitter:data1\" content=\"1 minute\" \/>\n<script type=\"application\/ld+json\" class=\"yoast-schema-graph\">{\"@context\":\"https:\/\/schema.org\",\"@graph\":[{\"@type\":\"WebPage\",\"@id\":\"https:\/\/pixelat.ro\/testeaza-kitul-creativ\/\",\"url\":\"https:\/\/pixelat.ro\/testeaza-kitul-creativ\/\",\"name\":\"Testeaz\u0103 Kitul Creativ - PIXELAT\",\"isPartOf\":{\"@id\":\"https:\/\/pixelat.ro\/#website\"},\"primaryImageOfPage\":{\"@id\":\"https:\/\/pixelat.ro\/testeaza-kitul-creativ\/#primaryimage\"},\"image\":{\"@id\":\"https:\/\/pixelat.ro\/testeaza-kitul-creativ\/#primaryimage\"},\"thumbnailUrl\":\"https:\/\/digitalasset.intuit.com\/render\/content\/dam\/intuit\/mc-fe\/en_us\/images\/intuit-mc-rewards-text-dark.svg\",\"datePublished\":\"2025-07-13T14:34:03+00:00\",\"dateModified\":\"2025-07-13T14:34:04+00:00\",\"description\":\"Abonare la Newsletter Pixelat pentru oferte speciale \u0219i oportunitatea de a testa un nou art hobby creat \u00een Rom\u00e2nia. Descoper\u0103!\",\"breadcrumb\":{\"@id\":\"https:\/\/pixelat.ro\/testeaza-kitul-creativ\/#breadcrumb\"},\"inLanguage\":\"en-US\",\"potentialAction\":[{\"@type\":\"ReadAction\",\"target\":[\"https:\/\/pixelat.ro\/testeaza-kitul-creativ\/\"]}]},{\"@type\":\"ImageObject\",\"inLanguage\":\"en-US\",\"@id\":\"https:\/\/pixelat.ro\/testeaza-kitul-creativ\/#primaryimage\",\"url\":\"https:\/\/digitalasset.intuit.com\/render\/content\/dam\/intuit\/mc-fe\/en_us\/images\/intuit-mc-rewards-text-dark.svg\",\"contentUrl\":\"https:\/\/digitalasset.intuit.com\/render\/content\/dam\/intuit\/mc-fe\/en_us\/images\/intuit-mc-rewards-text-dark.svg\"},{\"@type\":\"BreadcrumbList\",\"@id\":\"https:\/\/pixelat.ro\/testeaza-kitul-creativ\/#breadcrumb\",\"itemListElement\":[{\"@type\":\"ListItem\",\"position\":1,\"name\":\"Prima pagin\u0103\",\"item\":\"https:\/\/pixelat.ro\/\"},{\"@type\":\"ListItem\",\"position\":2,\"name\":\"Testeaz\u0103 Kitul Creativ\"}]},{\"@type\":\"WebSite\",\"@id\":\"https:\/\/pixelat.ro\/#website\",\"url\":\"https:\/\/pixelat.ro\/\",\"name\":\"PIXELAT\",\"description\":\"Art Hobby\",\"publisher\":{\"@id\":\"https:\/\/pixelat.ro\/#organization\"},\"potentialAction\":[{\"@type\":\"SearchAction\",\"target\":{\"@type\":\"EntryPoint\",\"urlTemplate\":\"https:\/\/pixelat.ro\/?s={search_term_string}\"},\"query-input\":{\"@type\":\"PropertyValueSpecification\",\"valueRequired\":true,\"valueName\":\"search_term_string\"}}],\"inLanguage\":\"en-US\"},{\"@type\":\"Organization\",\"@id\":\"https:\/\/pixelat.ro\/#organization\",\"name\":\"PIXELAT\",\"url\":\"https:\/\/pixelat.ro\/\",\"logo\":{\"@type\":\"ImageObject\",\"inLanguage\":\"en-US\",\"@id\":\"https:\/\/pixelat.ro\/#\/schema\/logo\/image\/\",\"url\":\"https:\/\/pixelat.ro\/wp-content\/uploads\/2024\/04\/cropped-cropped-fulllogo_transparent.avif\",\"contentUrl\":\"https:\/\/pixelat.ro\/wp-content\/uploads\/2024\/04\/cropped-cropped-fulllogo_transparent.avif\",\"width\":765,\"height\":765,\"caption\":\"PIXELAT\"},\"image\":{\"@id\":\"https:\/\/pixelat.ro\/#\/schema\/logo\/image\/\"},\"sameAs\":[\"https:\/\/www.facebook.com\/pixel.art.box\/\",\"https:\/\/www.instagram.com\/pixel.art.box\/\"]}]}<\/script>\n<!-- \/ Yoast SEO plugin. -->","yoast_head_json":{"title":"Testeaz\u0103 Kitul Creativ - PIXELAT","description":"Abonare la Newsletter Pixelat pentru oferte speciale \u0219i oportunitatea de a testa un nou art hobby creat \u00een Rom\u00e2nia. Descoper\u0103!","robots":{"index":"index","follow":"follow","max-snippet":"max-snippet:-1","max-image-preview":"max-image-preview:large","max-video-preview":"max-video-preview:-1"},"canonical":"https:\/\/pixelat.ro\/en\/testeaza-kitul-creativ\/","og_locale":"en_US","og_type":"article","og_title":"Testeaz\u0103 Kitul Creativ - PIXELAT","og_description":"Abonare la Newsletter Pixelat pentru oferte speciale \u0219i oportunitatea de a testa un nou art hobby creat \u00een Rom\u00e2nia. Descoper\u0103!","og_url":"https:\/\/pixelat.ro\/en\/testeaza-kitul-creativ\/","og_site_name":"PIXELAT","article_publisher":"https:\/\/www.facebook.com\/pixel.art.box\/","article_modified_time":"2025-07-13T14:34:04+00:00","og_image":[{"url":"https:\/\/digitalasset.intuit.com\/render\/content\/dam\/intuit\/mc-fe\/en_us\/images\/intuit-mc-rewards-text-dark.svg","type":"","width":"","height":""}],"twitter_card":"summary_large_image","twitter_misc":{"Est. reading time":"1 minute"},"schema":{"@context":"https:\/\/schema.org","@graph":[{"@type":"WebPage","@id":"https:\/\/pixelat.ro\/testeaza-kitul-creativ\/","url":"https:\/\/pixelat.ro\/testeaza-kitul-creativ\/","name":"Testeaz\u0103 Kitul Creativ - PIXELAT","isPartOf":{"@id":"https:\/\/pixelat.ro\/#website"},"primaryImageOfPage":{"@id":"https:\/\/pixelat.ro\/testeaza-kitul-creativ\/#primaryimage"},"image":{"@id":"https:\/\/pixelat.ro\/testeaza-kitul-creativ\/#primaryimage"},"thumbnailUrl":"https:\/\/digitalasset.intuit.com\/render\/content\/dam\/intuit\/mc-fe\/en_us\/images\/intuit-mc-rewards-text-dark.svg","datePublished":"2025-07-13T14:34:03+00:00","dateModified":"2025-07-13T14:34:04+00:00","description":"Abonare la Newsletter Pixelat pentru oferte speciale \u0219i oportunitatea de a testa un nou art hobby creat \u00een Rom\u00e2nia. Descoper\u0103!","breadcrumb":{"@id":"https:\/\/pixelat.ro\/testeaza-kitul-creativ\/#breadcrumb"},"inLanguage":"en-US","potentialAction":[{"@type":"ReadAction","target":["https:\/\/pixelat.ro\/testeaza-kitul-creativ\/"]}]},{"@type":"ImageObject","inLanguage":"en-US","@id":"https:\/\/pixelat.ro\/testeaza-kitul-creativ\/#primaryimage","url":"https:\/\/digitalasset.intuit.com\/render\/content\/dam\/intuit\/mc-fe\/en_us\/images\/intuit-mc-rewards-text-dark.svg","contentUrl":"https:\/\/digitalasset.intuit.com\/render\/content\/dam\/intuit\/mc-fe\/en_us\/images\/intuit-mc-rewards-text-dark.svg"},{"@type":"BreadcrumbList","@id":"https:\/\/pixelat.ro\/testeaza-kitul-creativ\/#breadcrumb","itemListElement":[{"@type":"ListItem","position":1,"name":"Prima pagin\u0103","item":"https:\/\/pixelat.ro\/"},{"@type":"ListItem","position":2,"name":"Testeaz\u0103 Kitul Creativ"}]},{"@type":"WebSite","@id":"https:\/\/pixelat.ro\/#website","url":"https:\/\/pixelat.ro\/","name":"PIXELAT","description":"Art Hobby","publisher":{"@id":"https:\/\/pixelat.ro\/#organization"},"potentialAction":[{"@type":"SearchAction","target":{"@type":"EntryPoint","urlTemplate":"https:\/\/pixelat.ro\/?s={search_term_string}"},"query-input":{"@type":"PropertyValueSpecification","valueRequired":true,"valueName":"search_term_string"}}],"inLanguage":"en-US"},{"@type":"Organization","@id":"https:\/\/pixelat.ro\/#organization","name":"PIXELAT","url":"https:\/\/pixelat.ro\/","logo":{"@type":"ImageObject","inLanguage":"en-US","@id":"https:\/\/pixelat.ro\/#\/schema\/logo\/image\/","url":"https:\/\/pixelat.ro\/wp-content\/uploads\/2024\/04\/cropped-cropped-fulllogo_transparent.avif","contentUrl":"https:\/\/pixelat.ro\/wp-content\/uploads\/2024\/04\/cropped-cropped-fulllogo_transparent.avif","width":765,"height":765,"caption":"PIXELAT"},"image":{"@id":"https:\/\/pixelat.ro\/#\/schema\/logo\/image\/"},"sameAs":["https:\/\/www.facebook.com\/pixel.art.box\/","https:\/\/www.instagram.com\/pixel.art.box\/"]}]}},"jetpack-related-posts":[],"jetpack_sharing_enabled":true,"_links":{"self":[{"href":"https:\/\/pixelat.ro\/en\/wp-json\/wp\/v2\/pages\/3088","targetHints":{"allow":["GET"]}}],"collection":[{"href":"https:\/\/pixelat.ro\/en\/wp-json\/wp\/v2\/pages"}],"about":[{"href":"https:\/\/pixelat.ro\/en\/wp-json\/wp\/v2\/types\/page"}],"author":[{"embeddable":true,"href":"https:\/\/pixelat.ro\/en\/wp-json\/wp\/v2\/users\/1"}],"replies":[{"embeddable":true,"href":"https:\/\/pixelat.ro\/en\/wp-json\/wp\/v2\/comments?post=3088"}],"version-history":[{"count":3,"href":"https:\/\/pixelat.ro\/en\/wp-json\/wp\/v2\/pages\/3088\/revisions"}],"predecessor-version":[{"id":3093,"href":"https:\/\/pixelat.ro\/en\/wp-json\/wp\/v2\/pages\/3088\/revisions\/3093"}],"wp:attachment":[{"href":"https:\/\/pixelat.ro\/en\/wp-json\/wp\/v2\/media?parent=3088"}],"curies":[{"name":"wp","href":"https:\/\/api.w.org\/{rel}","templated":true}]}}