{"id":636,"date":"2025-07-04T18:17:14","date_gmt":"2025-07-04T18:17:14","guid":{"rendered":"https:\/\/sites.generatepress.com\/painter\/?page_id=636"},"modified":"2025-07-06T15:22:46","modified_gmt":"2025-07-06T12:22:46","slug":"contact-2","status":"publish","type":"page","link":"https:\/\/pixelat.ro\/en\/contact-2\/","title":{"rendered":"Contact"},"content":{"rendered":"<div class=\"gb-element-33a99403\">\n<div class=\"gb-element-161a92dc\">\n<h1 class=\"gb-text gb-text-38016bd3\">Contact<\/h1>\n<\/div>\n<\/div>\n\n\n\n<div class=\"gb-element-82539f11\">\n<div class=\"gb-element-7c71c7a0\">\n<div class=\"gb-element-53717f45\">\n<h2 class=\"gb-text\">Scrie-ne oric\u00e2nd!<\/h2>\n\n\n\n<p class=\"gb-text gb-text-6f171d95\">Dac\u0103 ai o \u00eentrebare, o sugestie, o idee de colaborare sau doar vrei s\u0103 ne spui cum a ie\u0219it crea\u021bia ta Pixel Art, scrie-ne cu \u00eencredere. R\u0103spundem cu drag \u0219i curiozitate la orice mesaj. Suntem un studio mic, dar deschis \u0219i ne place s\u0103 construim Pixelat \u00eempreun\u0103 cu oamenii care \u00eel descoper\u0103. \ud83d\udc9b.<br>Nu uita s\u0103 ne dai tag pe Instagram \ud83d\udc49 <strong>pixel.art.box<\/strong><br>Email: contact@pixelat.ro<\/p>\n\n\n\n<div class=\"gb-element-bbce4dff\">\n<div class=\"gb-element-ce4e7dba\">\n<img data-recalc-dims=\"1\" fetchpriority=\"high\" decoding=\"async\" width=\"1024\" height=\"500\" class=\"gb-media-7ee39e3a\" alt=\"art hobby\" src=\"https:\/\/i0.wp.com\/pixelat.ro\/wp-content\/uploads\/2024\/03\/1024x500.CUSTOM-jpg.webp?resize=1024%2C500\" title=\"1024x500.CUSTOM\" srcset=\"https:\/\/pixelat.ro\/wp-content\/uploads\/2024\/03\/1024x500.CUSTOM-jpg.avif 1024w, https:\/\/pixelat.ro\/wp-content\/uploads\/2024\/03\/1024x500.CUSTOM-jpg.avif 300w, https:\/\/pixelat.ro\/wp-content\/uploads\/2024\/03\/1024x500.CUSTOM-jpg.avif 768w, https:\/\/pixelat.ro\/wp-content\/uploads\/2024\/03\/1024x500.CUSTOM-jpg.avif 18w, https:\/\/pixelat.ro\/wp-content\/uploads\/2024\/03\/1024x500.CUSTOM-jpg.avif 400w\" sizes=\"(max-width: 1024px) 100vw, 1024px\" \/>\n<\/div>\n\n\n\n<div>\n<p class=\"gb-text gbp-section__text--sm gb-text-0d7e96dd\">\u00ce\u021bi mul\u021bumim pentru vizit\u0103!<\/p>\n\n\n\n<p class=\"gb-text gbp-section__text--sm gb-text-ff0454b1\">\u2013 Echipa Pixelat<\/p>\n<\/div>\n<\/div>\n<\/div>\n\n\n\n<div>\n<div class=\"gb-element-07676c9a\">\n<p class=\"gb-text gb-text-dcf0d577\">Nume<\/p>\n\n\n\n<div class=\"gb-element-109500b4\"><\/div>\n\n\n\n<p class=\"gb-text gb-text-f9c85281\">Email<\/p>\n\n\n\n<div class=\"gb-element-83790b58\"><\/div>\n\n\n\n<p class=\"gb-text gb-text-04087285\">Mesaj<\/p>\n\n\n\n<div class=\"gb-element-df6ec521\"><\/div>\n\n\n\n<div class=\"gb-element-0ffde555\">\n<a class=\"gb-text gb-text-6b0a4d47\">trimite<\/a>\n<\/div>\n\n\n\n<p class=\"gb-text gb-text-05ca5f18\">Mul\u021bumim!<\/p>\n<\/div>\n<\/div>\n<\/div>\n<\/div>","protected":false},"excerpt":{"rendered":"<p>Contact Scrie-ne oric\u00e2nd! Dac\u0103 ai o \u00eentrebare, o sugestie, o idee de colaborare sau doar vrei s\u0103 ne spui cum a ie\u0219it crea\u021bia ta Pixel Art, scrie-ne cu \u00eencredere. R\u0103spundem cu drag \u0219i curiozitate la orice mesaj. Suntem un studio mic, dar deschis \u0219i ne place s\u0103 construim Pixelat \u00eempreun\u0103 cu oamenii care \u00eel descoper\u0103. &#8230; <a title=\"Contact\" class=\"read-more\" href=\"https:\/\/pixelat.ro\/en\/contact-2\/\" aria-label=\"Read more about Contact\">Read more<\/a><\/p>","protected":false},"author":1,"featured_media":0,"parent":0,"menu_order":0,"comment_status":"closed","ping_status":"closed","template":"","meta":{"_monsterinsights_skip_tracking":false,"_monsterinsights_sitenote_active":false,"_monsterinsights_sitenote_note":"","_monsterinsights_sitenote_category":0,"jetpack_post_was_ever_published":false,"footnotes":""},"class_list":["post-636","page","type-page","status-publish"],"yoast_head":"<!-- This site is optimized with the Yoast SEO plugin v25.4 - https:\/\/yoast.com\/wordpress\/plugins\/seo\/ -->\n<title>Contact - PIXELAT<\/title>\n<meta name=\"robots\" content=\"index, follow, max-snippet:-1, max-image-preview:large, max-video-preview:-1\" \/>\n<link rel=\"canonical\" href=\"https:\/\/pixelat.ro\/en\/contact-2\/\" \/>\n<meta property=\"og:locale\" content=\"en_US\" \/>\n<meta property=\"og:type\" content=\"article\" \/>\n<meta property=\"og:title\" content=\"Contact - PIXELAT\" \/>\n<meta property=\"og:description\" content=\"Contact Scrie-ne oric\u00e2nd! Dac\u0103 ai o \u00eentrebare, o sugestie, o idee de colaborare sau doar vrei s\u0103 ne spui cum a ie\u0219it crea\u021bia ta Pixel Art, scrie-ne cu \u00eencredere. R\u0103spundem cu drag \u0219i curiozitate la orice mesaj. Suntem un studio mic, dar deschis \u0219i ne place s\u0103 construim Pixelat \u00eempreun\u0103 cu oamenii care \u00eel descoper\u0103. ... Read more\" \/>\n<meta property=\"og:url\" content=\"https:\/\/pixelat.ro\/en\/contact-2\/\" \/>\n<meta property=\"og:site_name\" content=\"PIXELAT\" \/>\n<meta property=\"article:publisher\" content=\"https:\/\/www.facebook.com\/pixel.art.box\/\" \/>\n<meta property=\"article:modified_time\" content=\"2025-07-06T12:22:46+00:00\" \/>\n<meta property=\"og:image\" content=\"http:\/\/pixelat.ro\/wp-content\/uploads\/2024\/03\/1024x500.CUSTOM-jpg.webp\" \/>\n<meta name=\"twitter:card\" content=\"summary_large_image\" \/>\n<meta name=\"twitter:label1\" content=\"Est. reading time\" \/>\n\t<meta name=\"twitter:data1\" content=\"1 minute\" \/>\n<script type=\"application\/ld+json\" class=\"yoast-schema-graph\">{\"@context\":\"https:\/\/schema.org\",\"@graph\":[{\"@type\":\"WebPage\",\"@id\":\"https:\/\/pixelat.ro\/contact-2\/\",\"url\":\"https:\/\/pixelat.ro\/contact-2\/\",\"name\":\"Contact - PIXELAT\",\"isPartOf\":{\"@id\":\"https:\/\/pixelat.ro\/#website\"},\"primaryImageOfPage\":{\"@id\":\"https:\/\/pixelat.ro\/contact-2\/#primaryimage\"},\"image\":{\"@id\":\"https:\/\/pixelat.ro\/contact-2\/#primaryimage\"},\"thumbnailUrl\":\"http:\/\/pixelat.ro\/wp-content\/uploads\/2024\/03\/1024x500.CUSTOM-jpg.webp\",\"datePublished\":\"2025-07-04T18:17:14+00:00\",\"dateModified\":\"2025-07-06T12:22:46+00:00\",\"breadcrumb\":{\"@id\":\"https:\/\/pixelat.ro\/contact-2\/#breadcrumb\"},\"inLanguage\":\"en-US\",\"potentialAction\":[{\"@type\":\"ReadAction\",\"target\":[\"https:\/\/pixelat.ro\/contact-2\/\"]}]},{\"@type\":\"ImageObject\",\"inLanguage\":\"en-US\",\"@id\":\"https:\/\/pixelat.ro\/contact-2\/#primaryimage\",\"url\":\"http:\/\/pixelat.ro\/wp-content\/uploads\/2024\/03\/1024x500.CUSTOM-jpg.webp\",\"contentUrl\":\"http:\/\/pixelat.ro\/wp-content\/uploads\/2024\/03\/1024x500.CUSTOM-jpg.webp\"},{\"@type\":\"BreadcrumbList\",\"@id\":\"https:\/\/pixelat.ro\/contact-2\/#breadcrumb\",\"itemListElement\":[{\"@type\":\"ListItem\",\"position\":1,\"name\":\"Prima pagin\u0103\",\"item\":\"https:\/\/pixelat.ro\/\"},{\"@type\":\"ListItem\",\"position\":2,\"name\":\"Contact\"}]},{\"@type\":\"WebSite\",\"@id\":\"https:\/\/pixelat.ro\/#website\",\"url\":\"https:\/\/pixelat.ro\/\",\"name\":\"PIXELAT\",\"description\":\"Art Hobby\",\"publisher\":{\"@id\":\"https:\/\/pixelat.ro\/#organization\"},\"potentialAction\":[{\"@type\":\"SearchAction\",\"target\":{\"@type\":\"EntryPoint\",\"urlTemplate\":\"https:\/\/pixelat.ro\/?s={search_term_string}\"},\"query-input\":{\"@type\":\"PropertyValueSpecification\",\"valueRequired\":true,\"valueName\":\"search_term_string\"}}],\"inLanguage\":\"en-US\"},{\"@type\":\"Organization\",\"@id\":\"https:\/\/pixelat.ro\/#organization\",\"name\":\"PIXELAT\",\"url\":\"https:\/\/pixelat.ro\/\",\"logo\":{\"@type\":\"ImageObject\",\"inLanguage\":\"en-US\",\"@id\":\"https:\/\/pixelat.ro\/#\/schema\/logo\/image\/\",\"url\":\"https:\/\/pixelat.ro\/wp-content\/uploads\/2024\/04\/cropped-cropped-fulllogo_transparent.avif\",\"contentUrl\":\"https:\/\/pixelat.ro\/wp-content\/uploads\/2024\/04\/cropped-cropped-fulllogo_transparent.avif\",\"width\":765,\"height\":765,\"caption\":\"PIXELAT\"},\"image\":{\"@id\":\"https:\/\/pixelat.ro\/#\/schema\/logo\/image\/\"},\"sameAs\":[\"https:\/\/www.facebook.com\/pixel.art.box\/\",\"https:\/\/www.instagram.com\/pixel.art.box\/\"]}]}<\/script>\n<!-- \/ Yoast SEO plugin. -->","yoast_head_json":{"title":"Contact - PIXELAT","robots":{"index":"index","follow":"follow","max-snippet":"max-snippet:-1","max-image-preview":"max-image-preview:large","max-video-preview":"max-video-preview:-1"},"canonical":"https:\/\/pixelat.ro\/en\/contact-2\/","og_locale":"en_US","og_type":"article","og_title":"Contact - PIXELAT","og_description":"Contact Scrie-ne oric\u00e2nd! Dac\u0103 ai o \u00eentrebare, o sugestie, o idee de colaborare sau doar vrei s\u0103 ne spui cum a ie\u0219it crea\u021bia ta Pixel Art, scrie-ne cu \u00eencredere. R\u0103spundem cu drag \u0219i curiozitate la orice mesaj. Suntem un studio mic, dar deschis \u0219i ne place s\u0103 construim Pixelat \u00eempreun\u0103 cu oamenii care \u00eel descoper\u0103. ... Read more","og_url":"https:\/\/pixelat.ro\/en\/contact-2\/","og_site_name":"PIXELAT","article_publisher":"https:\/\/www.facebook.com\/pixel.art.box\/","article_modified_time":"2025-07-06T12:22:46+00:00","og_image":[{"url":"http:\/\/pixelat.ro\/wp-content\/uploads\/2024\/03\/1024x500.CUSTOM-jpg.webp","type":"","width":"","height":""}],"twitter_card":"summary_large_image","twitter_misc":{"Est. reading time":"1 minute"},"schema":{"@context":"https:\/\/schema.org","@graph":[{"@type":"WebPage","@id":"https:\/\/pixelat.ro\/contact-2\/","url":"https:\/\/pixelat.ro\/contact-2\/","name":"Contact - PIXELAT","isPartOf":{"@id":"https:\/\/pixelat.ro\/#website"},"primaryImageOfPage":{"@id":"https:\/\/pixelat.ro\/contact-2\/#primaryimage"},"image":{"@id":"https:\/\/pixelat.ro\/contact-2\/#primaryimage"},"thumbnailUrl":"http:\/\/pixelat.ro\/wp-content\/uploads\/2024\/03\/1024x500.CUSTOM-jpg.webp","datePublished":"2025-07-04T18:17:14+00:00","dateModified":"2025-07-06T12:22:46+00:00","breadcrumb":{"@id":"https:\/\/pixelat.ro\/contact-2\/#breadcrumb"},"inLanguage":"en-US","potentialAction":[{"@type":"ReadAction","target":["https:\/\/pixelat.ro\/contact-2\/"]}]},{"@type":"ImageObject","inLanguage":"en-US","@id":"https:\/\/pixelat.ro\/contact-2\/#primaryimage","url":"http:\/\/pixelat.ro\/wp-content\/uploads\/2024\/03\/1024x500.CUSTOM-jpg.webp","contentUrl":"http:\/\/pixelat.ro\/wp-content\/uploads\/2024\/03\/1024x500.CUSTOM-jpg.webp"},{"@type":"BreadcrumbList","@id":"https:\/\/pixelat.ro\/contact-2\/#breadcrumb","itemListElement":[{"@type":"ListItem","position":1,"name":"Prima pagin\u0103","item":"https:\/\/pixelat.ro\/"},{"@type":"ListItem","position":2,"name":"Contact"}]},{"@type":"WebSite","@id":"https:\/\/pixelat.ro\/#website","url":"https:\/\/pixelat.ro\/","name":"PIXELAT","description":"Art Hobby","publisher":{"@id":"https:\/\/pixelat.ro\/#organization"},"potentialAction":[{"@type":"SearchAction","target":{"@type":"EntryPoint","urlTemplate":"https:\/\/pixelat.ro\/?s={search_term_string}"},"query-input":{"@type":"PropertyValueSpecification","valueRequired":true,"valueName":"search_term_string"}}],"inLanguage":"en-US"},{"@type":"Organization","@id":"https:\/\/pixelat.ro\/#organization","name":"PIXELAT","url":"https:\/\/pixelat.ro\/","logo":{"@type":"ImageObject","inLanguage":"en-US","@id":"https:\/\/pixelat.ro\/#\/schema\/logo\/image\/","url":"https:\/\/pixelat.ro\/wp-content\/uploads\/2024\/04\/cropped-cropped-fulllogo_transparent.avif","contentUrl":"https:\/\/pixelat.ro\/wp-content\/uploads\/2024\/04\/cropped-cropped-fulllogo_transparent.avif","width":765,"height":765,"caption":"PIXELAT"},"image":{"@id":"https:\/\/pixelat.ro\/#\/schema\/logo\/image\/"},"sameAs":["https:\/\/www.facebook.com\/pixel.art.box\/","https:\/\/www.instagram.com\/pixel.art.box\/"]}]}},"jetpack-related-posts":[],"jetpack_sharing_enabled":true,"_links":{"self":[{"href":"https:\/\/pixelat.ro\/en\/wp-json\/wp\/v2\/pages\/636","targetHints":{"allow":["GET"]}}],"collection":[{"href":"https:\/\/pixelat.ro\/en\/wp-json\/wp\/v2\/pages"}],"about":[{"href":"https:\/\/pixelat.ro\/en\/wp-json\/wp\/v2\/types\/page"}],"author":[{"embeddable":true,"href":"https:\/\/pixelat.ro\/en\/wp-json\/wp\/v2\/users\/1"}],"replies":[{"embeddable":true,"href":"https:\/\/pixelat.ro\/en\/wp-json\/wp\/v2\/comments?post=636"}],"version-history":[{"count":2,"href":"https:\/\/pixelat.ro\/en\/wp-json\/wp\/v2\/pages\/636\/revisions"}],"predecessor-version":[{"id":2955,"href":"https:\/\/pixelat.ro\/en\/wp-json\/wp\/v2\/pages\/636\/revisions\/2955"}],"wp:attachment":[{"href":"https:\/\/pixelat.ro\/en\/wp-json\/wp\/v2\/media?parent=636"}],"curies":[{"name":"wp","href":"https:\/\/api.w.org\/{rel}","templated":true}]}}