{"id":73,"date":"2025-06-27T14:30:48","date_gmt":"2025-06-27T14:30:48","guid":{"rendered":"https:\/\/sites.generatepress.com\/painter\/?page_id=73"},"modified":"2025-07-06T21:16:24","modified_gmt":"2025-07-06T18:16:24","slug":"testeaza-gratuit-pixel-art","status":"publish","type":"page","link":"https:\/\/pixelat.ro\/en\/testeaza-gratuit-pixel-art\/","title":{"rendered":"Testeaz\u0103"},"content":{"rendered":"<div class=\"gb-element-33a99403\">\n<div class=\"gb-element-ace29183\">\n<div>\n<h1 class=\"gb-text gb-text-08d3adba\">Try for free<\/h1>\n\n\n\n<p class=\"gb-text gb-text-194f168a\">Ofert\u0103 disponibil\u0103 \u00een perioada iulie-septembrie 2025.<\/p>\n<\/div>\n\n\n\n<div>\n<p class=\"gb-text gb-text-0427e2d4\">Te invit\u0103m s\u0103 \u00eencerci kiturile noastre creative. Alege modelul preferat, completeaz\u0103 formularul de mai jos, iar kitul Pixelat ajunge la tine \u00een 3 zile lucr\u0103toare. Kitul este gratuit, dar este necesar \u00eens\u0103 s\u0103 achi\u021bi transportul, \u00een valoare de 20 de lei. Dac\u0103 e\u0219ti din Bucure\u0219ti, contacteaz\u0103-ne pentru livrarea gratuit\u0103 a kitului creativ. <\/p>\n\n\n\n<p>Ai nevoie de mai multe detalii? Contacteaz\u0103-ne pe email: <strong>contact@pixelat.ro<\/strong> sau pe pagina <a href=\"https:\/\/pixelat.ro\/en\/contact-2\/\">Contact.<\/a><\/p>\n<\/div>\n<\/div>\n<\/div>\n\n\n\n<div>\n<div class=\"gbp-section gb-element-57204b25\">\n<div class=\"gbp-section__inner gb-element-14e24044\">\n<div class=\"gb-element-5115bbbb\">\n<h2 class=\"gb-text gbp-section__headline\">Art Hobby Creativ: testeaz\u0103 Pixelat Art Box<\/h2>\n\n\n\n<p class=\"gb-text gbp-section__text\">Urm\u0103toarele modele sunt acum disponibile GRATUIT pentru testare. Review-ul t\u0103u ne ajut\u0103 s\u0103 devenim mai buni.<\/p>\n<\/div>\n\n\n\n<div class=\"gb-element-3683d1a7\">\n<img fetchpriority=\"high\" decoding=\"async\" width=\"1080\" height=\"1350\" class=\"gb-media-6c31d037\" src=\"http:\/\/pixelat.ro\/wp-content\/uploads\/2025\/07\/design1.pixelat.1.avif\" title=\"design1.pixelat.1\" alt=\"\" srcset=\"https:\/\/pixelat.ro\/wp-content\/uploads\/2025\/07\/design1.pixelat.1.avif 1080w, https:\/\/pixelat.ro\/wp-content\/uploads\/2025\/07\/design1.pixelat.1-240x300.avif 240w, https:\/\/pixelat.ro\/wp-content\/uploads\/2025\/07\/design1.pixelat.1-819x1024.avif 819w, https:\/\/pixelat.ro\/wp-content\/uploads\/2025\/07\/design1.pixelat.1-768x960.avif 768w, https:\/\/pixelat.ro\/wp-content\/uploads\/2025\/07\/design1.pixelat.1-10x12.avif 10w, https:\/\/pixelat.ro\/wp-content\/uploads\/2025\/07\/design1.pixelat.1-200x250.avif 200w\" sizes=\"(max-width: 1080px) 100vw, 1080px\" \/>\n\n\n\n<img decoding=\"async\" width=\"1080\" height=\"1350\" class=\"gb-media-91a95225\" src=\"http:\/\/pixelat.ro\/wp-content\/uploads\/2025\/07\/design11.pixelat.1.avif\" title=\"design11.pixelat.1\" alt=\"\" srcset=\"https:\/\/pixelat.ro\/wp-content\/uploads\/2025\/07\/design11.pixelat.1.avif 1080w, https:\/\/pixelat.ro\/wp-content\/uploads\/2025\/07\/design11.pixelat.1-240x300.avif 240w, https:\/\/pixelat.ro\/wp-content\/uploads\/2025\/07\/design11.pixelat.1-819x1024.avif 819w, https:\/\/pixelat.ro\/wp-content\/uploads\/2025\/07\/design11.pixelat.1-768x960.avif 768w, https:\/\/pixelat.ro\/wp-content\/uploads\/2025\/07\/design11.pixelat.1-10x12.avif 10w, https:\/\/pixelat.ro\/wp-content\/uploads\/2025\/07\/design11.pixelat.1-200x250.avif 200w\" sizes=\"(max-width: 1080px) 100vw, 1080px\" \/>\n\n\n\n<img decoding=\"async\" width=\"1080\" height=\"1350\" class=\"gb-media-1002d366\" src=\"http:\/\/pixelat.ro\/wp-content\/uploads\/2025\/07\/design10.pixelat.1.avif\" title=\"design10.pixelat.1\" alt=\"\" srcset=\"https:\/\/pixelat.ro\/wp-content\/uploads\/2025\/07\/design10.pixelat.1.avif 1080w, https:\/\/pixelat.ro\/wp-content\/uploads\/2025\/07\/design10.pixelat.1-240x300.avif 240w, https:\/\/pixelat.ro\/wp-content\/uploads\/2025\/07\/design10.pixelat.1-819x1024.avif 819w, https:\/\/pixelat.ro\/wp-content\/uploads\/2025\/07\/design10.pixelat.1-768x960.avif 768w, https:\/\/pixelat.ro\/wp-content\/uploads\/2025\/07\/design10.pixelat.1-10x12.avif 10w, https:\/\/pixelat.ro\/wp-content\/uploads\/2025\/07\/design10.pixelat.1-200x250.avif 200w\" sizes=\"(max-width: 1080px) 100vw, 1080px\" \/>\n\n\n\n<img loading=\"lazy\" decoding=\"async\" width=\"1080\" height=\"1350\" class=\"gb-media-c2ebb943\" src=\"http:\/\/pixelat.ro\/wp-content\/uploads\/2025\/07\/design2.pixelat.1.avif\" title=\"design2.pixelat.1\" alt=\"\" srcset=\"https:\/\/pixelat.ro\/wp-content\/uploads\/2025\/07\/design2.pixelat.1.avif 1080w, https:\/\/pixelat.ro\/wp-content\/uploads\/2025\/07\/design2.pixelat.1-240x300.avif 240w, https:\/\/pixelat.ro\/wp-content\/uploads\/2025\/07\/design2.pixelat.1-819x1024.avif 819w, https:\/\/pixelat.ro\/wp-content\/uploads\/2025\/07\/design2.pixelat.1-768x960.avif 768w, https:\/\/pixelat.ro\/wp-content\/uploads\/2025\/07\/design2.pixelat.1-10x12.avif 10w, https:\/\/pixelat.ro\/wp-content\/uploads\/2025\/07\/design2.pixelat.1-200x250.avif 200w\" sizes=\"(max-width: 1080px) 100vw, 1080px\" \/>\n\n\n\n<img loading=\"lazy\" decoding=\"async\" width=\"1080\" height=\"1350\" class=\"gb-media-66a09d1e\" src=\"http:\/\/pixelat.ro\/wp-content\/uploads\/2025\/07\/design7.pixelat.1.avif\" title=\"design7.pixelat.1\" alt=\"\" srcset=\"https:\/\/pixelat.ro\/wp-content\/uploads\/2025\/07\/design7.pixelat.1.avif 1080w, https:\/\/pixelat.ro\/wp-content\/uploads\/2025\/07\/design7.pixelat.1-240x300.avif 240w, https:\/\/pixelat.ro\/wp-content\/uploads\/2025\/07\/design7.pixelat.1-819x1024.avif 819w, https:\/\/pixelat.ro\/wp-content\/uploads\/2025\/07\/design7.pixelat.1-768x960.avif 768w, https:\/\/pixelat.ro\/wp-content\/uploads\/2025\/07\/design7.pixelat.1-10x12.avif 10w, https:\/\/pixelat.ro\/wp-content\/uploads\/2025\/07\/design7.pixelat.1-200x250.avif 200w\" sizes=\"(max-width: 1080px) 100vw, 1080px\" \/>\n\n\n\n<img loading=\"lazy\" decoding=\"async\" width=\"1080\" height=\"1350\" class=\"gb-media-917df03d\" src=\"http:\/\/pixelat.ro\/wp-content\/uploads\/2025\/07\/design14.pixelat.1.avif\" title=\"design14.pixelat.1\" alt=\"\" srcset=\"https:\/\/pixelat.ro\/wp-content\/uploads\/2025\/07\/design14.pixelat.1.avif 1080w, https:\/\/pixelat.ro\/wp-content\/uploads\/2025\/07\/design14.pixelat.1-240x300.avif 240w, https:\/\/pixelat.ro\/wp-content\/uploads\/2025\/07\/design14.pixelat.1-819x1024.avif 819w, https:\/\/pixelat.ro\/wp-content\/uploads\/2025\/07\/design14.pixelat.1-768x960.avif 768w, https:\/\/pixelat.ro\/wp-content\/uploads\/2025\/07\/design14.pixelat.1-10x12.avif 10w, https:\/\/pixelat.ro\/wp-content\/uploads\/2025\/07\/design14.pixelat.1-200x250.avif 200w\" sizes=\"(max-width: 1080px) 100vw, 1080px\" \/>\n\n\n\n<img loading=\"lazy\" decoding=\"async\" width=\"1080\" height=\"1350\" class=\"gb-media-081815de\" src=\"http:\/\/pixelat.ro\/wp-content\/uploads\/2025\/07\/design16.pixelat.avif\" title=\"pixel.art.kit\" alt=\"\" srcset=\"https:\/\/pixelat.ro\/wp-content\/uploads\/2025\/07\/design16.pixelat.avif 1080w, https:\/\/pixelat.ro\/wp-content\/uploads\/2025\/07\/design16.pixelat-240x300.avif 240w, https:\/\/pixelat.ro\/wp-content\/uploads\/2025\/07\/design16.pixelat-819x1024.avif 819w, https:\/\/pixelat.ro\/wp-content\/uploads\/2025\/07\/design16.pixelat-768x960.avif 768w, https:\/\/pixelat.ro\/wp-content\/uploads\/2025\/07\/design16.pixelat-10x12.avif 10w, https:\/\/pixelat.ro\/wp-content\/uploads\/2025\/07\/design16.pixelat-200x250.avif 200w\" sizes=\"(max-width: 1080px) 100vw, 1080px\" \/>\n\n\n\n<img loading=\"lazy\" decoding=\"async\" width=\"1080\" height=\"1350\" class=\"gb-media-7acb1173\" src=\"http:\/\/pixelat.ro\/wp-content\/uploads\/2025\/07\/design9.pixelat.1.avif\" title=\"design9.pixelat.1\" alt=\"\" srcset=\"https:\/\/pixelat.ro\/wp-content\/uploads\/2025\/07\/design9.pixelat.1.avif 1080w, https:\/\/pixelat.ro\/wp-content\/uploads\/2025\/07\/design9.pixelat.1-240x300.avif 240w, https:\/\/pixelat.ro\/wp-content\/uploads\/2025\/07\/design9.pixelat.1-819x1024.avif 819w, https:\/\/pixelat.ro\/wp-content\/uploads\/2025\/07\/design9.pixelat.1-768x960.avif 768w, https:\/\/pixelat.ro\/wp-content\/uploads\/2025\/07\/design9.pixelat.1-10x12.avif 10w, https:\/\/pixelat.ro\/wp-content\/uploads\/2025\/07\/design9.pixelat.1-200x250.avif 200w\" sizes=\"(max-width: 1080px) 100vw, 1080px\" \/>\n<\/div>\n<\/div>\n<\/div>\n<\/div>\n\n\n\n<div class=\"gbp-section gb-element-07db4da0\">\n<div class=\"gbp-section\">\n<div class=\"gbp-section__inner gbp-card--border gb-element-07e32b48\">\n<div>\n<h2 class=\"gb-text gb-text-e948e8f7\">Comand\u0103 kitul <\/h2>\n\n\n\n<p class=\"gb-text gbp-section__text gb-text-76fb40e3\">Ai g\u0103sit modelul preferat? Completeaz\u0103 formularul. \u00cel prime\u0219ti gratuit \u00een 3 zile lucr\u0103toare. Ai \u00eentreb\u0103ri? Contacteaz\u0103-ne: contact@pixelat.ro <\/p>\n<\/div>\n\n\n\n<div>\n<div class=\"gb-element-5a3e94eb\">\n<a class=\"gb-text gbp-button--primary\" href=\"https:\/\/pixelat.us22.list-manage.com\/subscribe?u=8cc701f7603caf70d00f32028&#038;id=0baccf5821\" target=\"_blank\" rel=\"noopener\">Comand\u0103<\/a>\n\n\n\n<a class=\"gb-text gbp-button--secondary\" href=\"https:\/\/pixelat.ro\/en\/contact-2\/\" target=\"_blank\" rel=\"noopener\">Contact<\/a>\n<\/div>\n<\/div>\n<\/div>\n<\/div>\n<\/div>","protected":false},"excerpt":{"rendered":"<p>Testeaz\u0103 gratuit Ofert\u0103 disponibil\u0103 \u00een perioada iulie-septembrie 2025. Te invit\u0103m s\u0103 \u00eencerci kiturile noastre creative. Alege modelul preferat, completeaz\u0103 formularul de mai jos, iar kitul Pixelat ajunge la tine \u00een 3 zile lucr\u0103toare. Kitul este gratuit, dar este necesar \u00eens\u0103 s\u0103 achi\u021bi transportul, \u00een valoare de 20 de lei. Dac\u0103 e\u0219ti din Bucure\u0219ti, contacteaz\u0103-ne pentru &#8230; <a title=\"Testeaz\u0103\" class=\"read-more\" href=\"https:\/\/pixelat.ro\/en\/testeaza-gratuit-pixel-art\/\" aria-label=\"Read more about Testeaz\u0103\">Read more<\/a><\/p>","protected":false},"author":1,"featured_media":0,"parent":0,"menu_order":0,"comment_status":"closed","ping_status":"closed","template":"","meta":{"_monsterinsights_skip_tracking":false,"_monsterinsights_sitenote_active":false,"_monsterinsights_sitenote_note":"","_monsterinsights_sitenote_category":0,"jetpack_post_was_ever_published":false,"footnotes":""},"class_list":["post-73","page","type-page","status-publish"],"yoast_head":"<!-- This site is optimized with the Yoast SEO plugin v25.4 - https:\/\/yoast.com\/wordpress\/plugins\/seo\/ -->\n<title>Testeaz\u0103 Art Hobby Creativ - PIXELAT<\/title>\n<meta name=\"description\" content=\"Testeaz\u0103 un nou produs Art Hobby Creativ: kituri de pixel art create \u00een Rom\u00e2nia. Prime\u0219ti produsele gratuit, achi\u021bi doar transportul! \ud83d\udc9b\" \/>\n<meta name=\"robots\" content=\"index, follow, max-snippet:-1, max-image-preview:large, max-video-preview:-1\" \/>\n<link rel=\"canonical\" href=\"https:\/\/pixelat.ro\/en\/testeaza-gratuit-pixel-art\/\" \/>\n<meta property=\"og:locale\" content=\"en_US\" \/>\n<meta property=\"og:type\" content=\"article\" \/>\n<meta property=\"og:title\" content=\"Testeaz\u0103 Art Hobby Creativ - PIXELAT\" \/>\n<meta property=\"og:description\" content=\"Testeaz\u0103 un nou produs Art Hobby Creativ: kituri de pixel art create \u00een Rom\u00e2nia. Prime\u0219ti produsele gratuit, achi\u021bi doar transportul! \ud83d\udc9b\" \/>\n<meta property=\"og:url\" content=\"https:\/\/pixelat.ro\/en\/testeaza-gratuit-pixel-art\/\" \/>\n<meta property=\"og:site_name\" content=\"PIXELAT\" \/>\n<meta property=\"article:publisher\" content=\"https:\/\/www.facebook.com\/pixel.art.box\/\" \/>\n<meta property=\"article:modified_time\" content=\"2025-07-06T18:16:24+00:00\" \/>\n<meta property=\"og:image\" content=\"http:\/\/pixelat.ro\/wp-content\/uploads\/2025\/07\/design1.pixelat.1.avif\" \/>\n<meta name=\"twitter:card\" content=\"summary_large_image\" \/>\n<meta name=\"twitter:label1\" content=\"Est. reading time\" \/>\n\t<meta name=\"twitter:data1\" content=\"3 minutes\" \/>\n<script type=\"application\/ld+json\" class=\"yoast-schema-graph\">{\"@context\":\"https:\/\/schema.org\",\"@graph\":[{\"@type\":\"WebPage\",\"@id\":\"https:\/\/pixelat.ro\/testeaza-gratuit-pixel-art\/\",\"url\":\"https:\/\/pixelat.ro\/testeaza-gratuit-pixel-art\/\",\"name\":\"Testeaz\u0103 Art Hobby Creativ - PIXELAT\",\"isPartOf\":{\"@id\":\"https:\/\/pixelat.ro\/#website\"},\"primaryImageOfPage\":{\"@id\":\"https:\/\/pixelat.ro\/testeaza-gratuit-pixel-art\/#primaryimage\"},\"image\":{\"@id\":\"https:\/\/pixelat.ro\/testeaza-gratuit-pixel-art\/#primaryimage\"},\"thumbnailUrl\":\"http:\/\/pixelat.ro\/wp-content\/uploads\/2025\/07\/design1.pixelat.1.avif\",\"datePublished\":\"2025-06-27T14:30:48+00:00\",\"dateModified\":\"2025-07-06T18:16:24+00:00\",\"description\":\"Testeaz\u0103 un nou produs Art Hobby Creativ: kituri de pixel art create \u00een Rom\u00e2nia. Prime\u0219ti produsele gratuit, achi\u021bi doar transportul! \ud83d\udc9b\",\"breadcrumb\":{\"@id\":\"https:\/\/pixelat.ro\/testeaza-gratuit-pixel-art\/#breadcrumb\"},\"inLanguage\":\"en-US\",\"potentialAction\":[{\"@type\":\"ReadAction\",\"target\":[\"https:\/\/pixelat.ro\/testeaza-gratuit-pixel-art\/\"]}]},{\"@type\":\"ImageObject\",\"inLanguage\":\"en-US\",\"@id\":\"https:\/\/pixelat.ro\/testeaza-gratuit-pixel-art\/#primaryimage\",\"url\":\"http:\/\/pixelat.ro\/wp-content\/uploads\/2025\/07\/design1.pixelat.1.avif\",\"contentUrl\":\"http:\/\/pixelat.ro\/wp-content\/uploads\/2025\/07\/design1.pixelat.1.avif\"},{\"@type\":\"BreadcrumbList\",\"@id\":\"https:\/\/pixelat.ro\/testeaza-gratuit-pixel-art\/#breadcrumb\",\"itemListElement\":[{\"@type\":\"ListItem\",\"position\":1,\"name\":\"Prima pagin\u0103\",\"item\":\"https:\/\/pixelat.ro\/\"},{\"@type\":\"ListItem\",\"position\":2,\"name\":\"Testeaz\u0103\"}]},{\"@type\":\"WebSite\",\"@id\":\"https:\/\/pixelat.ro\/#website\",\"url\":\"https:\/\/pixelat.ro\/\",\"name\":\"PIXELAT\",\"description\":\"Art Hobby\",\"publisher\":{\"@id\":\"https:\/\/pixelat.ro\/#organization\"},\"potentialAction\":[{\"@type\":\"SearchAction\",\"target\":{\"@type\":\"EntryPoint\",\"urlTemplate\":\"https:\/\/pixelat.ro\/?s={search_term_string}\"},\"query-input\":{\"@type\":\"PropertyValueSpecification\",\"valueRequired\":true,\"valueName\":\"search_term_string\"}}],\"inLanguage\":\"en-US\"},{\"@type\":\"Organization\",\"@id\":\"https:\/\/pixelat.ro\/#organization\",\"name\":\"PIXELAT\",\"url\":\"https:\/\/pixelat.ro\/\",\"logo\":{\"@type\":\"ImageObject\",\"inLanguage\":\"en-US\",\"@id\":\"https:\/\/pixelat.ro\/#\/schema\/logo\/image\/\",\"url\":\"https:\/\/pixelat.ro\/wp-content\/uploads\/2024\/04\/cropped-cropped-fulllogo_transparent.avif\",\"contentUrl\":\"https:\/\/pixelat.ro\/wp-content\/uploads\/2024\/04\/cropped-cropped-fulllogo_transparent.avif\",\"width\":765,\"height\":765,\"caption\":\"PIXELAT\"},\"image\":{\"@id\":\"https:\/\/pixelat.ro\/#\/schema\/logo\/image\/\"},\"sameAs\":[\"https:\/\/www.facebook.com\/pixel.art.box\/\",\"https:\/\/www.instagram.com\/pixel.art.box\/\"]}]}<\/script>\n<!-- \/ Yoast SEO plugin. -->","yoast_head_json":{"title":"Testeaz\u0103 Art Hobby Creativ - PIXELAT","description":"Testeaz\u0103 un nou produs Art Hobby Creativ: kituri de pixel art create \u00een Rom\u00e2nia. Prime\u0219ti produsele gratuit, achi\u021bi doar transportul! \ud83d\udc9b","robots":{"index":"index","follow":"follow","max-snippet":"max-snippet:-1","max-image-preview":"max-image-preview:large","max-video-preview":"max-video-preview:-1"},"canonical":"https:\/\/pixelat.ro\/en\/testeaza-gratuit-pixel-art\/","og_locale":"en_US","og_type":"article","og_title":"Testeaz\u0103 Art Hobby Creativ - PIXELAT","og_description":"Testeaz\u0103 un nou produs Art Hobby Creativ: kituri de pixel art create \u00een Rom\u00e2nia. Prime\u0219ti produsele gratuit, achi\u021bi doar transportul! \ud83d\udc9b","og_url":"https:\/\/pixelat.ro\/en\/testeaza-gratuit-pixel-art\/","og_site_name":"PIXELAT","article_publisher":"https:\/\/www.facebook.com\/pixel.art.box\/","article_modified_time":"2025-07-06T18:16:24+00:00","og_image":[{"url":"http:\/\/pixelat.ro\/wp-content\/uploads\/2025\/07\/design1.pixelat.1.avif","type":"","width":"","height":""}],"twitter_card":"summary_large_image","twitter_misc":{"Est. reading time":"3 minutes"},"schema":{"@context":"https:\/\/schema.org","@graph":[{"@type":"WebPage","@id":"https:\/\/pixelat.ro\/testeaza-gratuit-pixel-art\/","url":"https:\/\/pixelat.ro\/testeaza-gratuit-pixel-art\/","name":"Testeaz\u0103 Art Hobby Creativ - PIXELAT","isPartOf":{"@id":"https:\/\/pixelat.ro\/#website"},"primaryImageOfPage":{"@id":"https:\/\/pixelat.ro\/testeaza-gratuit-pixel-art\/#primaryimage"},"image":{"@id":"https:\/\/pixelat.ro\/testeaza-gratuit-pixel-art\/#primaryimage"},"thumbnailUrl":"http:\/\/pixelat.ro\/wp-content\/uploads\/2025\/07\/design1.pixelat.1.avif","datePublished":"2025-06-27T14:30:48+00:00","dateModified":"2025-07-06T18:16:24+00:00","description":"Testeaz\u0103 un nou produs Art Hobby Creativ: kituri de pixel art create \u00een Rom\u00e2nia. Prime\u0219ti produsele gratuit, achi\u021bi doar transportul! \ud83d\udc9b","breadcrumb":{"@id":"https:\/\/pixelat.ro\/testeaza-gratuit-pixel-art\/#breadcrumb"},"inLanguage":"en-US","potentialAction":[{"@type":"ReadAction","target":["https:\/\/pixelat.ro\/testeaza-gratuit-pixel-art\/"]}]},{"@type":"ImageObject","inLanguage":"en-US","@id":"https:\/\/pixelat.ro\/testeaza-gratuit-pixel-art\/#primaryimage","url":"http:\/\/pixelat.ro\/wp-content\/uploads\/2025\/07\/design1.pixelat.1.avif","contentUrl":"http:\/\/pixelat.ro\/wp-content\/uploads\/2025\/07\/design1.pixelat.1.avif"},{"@type":"BreadcrumbList","@id":"https:\/\/pixelat.ro\/testeaza-gratuit-pixel-art\/#breadcrumb","itemListElement":[{"@type":"ListItem","position":1,"name":"Prima pagin\u0103","item":"https:\/\/pixelat.ro\/"},{"@type":"ListItem","position":2,"name":"Testeaz\u0103"}]},{"@type":"WebSite","@id":"https:\/\/pixelat.ro\/#website","url":"https:\/\/pixelat.ro\/","name":"PIXELAT","description":"Art Hobby","publisher":{"@id":"https:\/\/pixelat.ro\/#organization"},"potentialAction":[{"@type":"SearchAction","target":{"@type":"EntryPoint","urlTemplate":"https:\/\/pixelat.ro\/?s={search_term_string}"},"query-input":{"@type":"PropertyValueSpecification","valueRequired":true,"valueName":"search_term_string"}}],"inLanguage":"en-US"},{"@type":"Organization","@id":"https:\/\/pixelat.ro\/#organization","name":"PIXELAT","url":"https:\/\/pixelat.ro\/","logo":{"@type":"ImageObject","inLanguage":"en-US","@id":"https:\/\/pixelat.ro\/#\/schema\/logo\/image\/","url":"https:\/\/pixelat.ro\/wp-content\/uploads\/2024\/04\/cropped-cropped-fulllogo_transparent.avif","contentUrl":"https:\/\/pixelat.ro\/wp-content\/uploads\/2024\/04\/cropped-cropped-fulllogo_transparent.avif","width":765,"height":765,"caption":"PIXELAT"},"image":{"@id":"https:\/\/pixelat.ro\/#\/schema\/logo\/image\/"},"sameAs":["https:\/\/www.facebook.com\/pixel.art.box\/","https:\/\/www.instagram.com\/pixel.art.box\/"]}]}},"jetpack-related-posts":[],"jetpack_sharing_enabled":true,"_links":{"self":[{"href":"https:\/\/pixelat.ro\/en\/wp-json\/wp\/v2\/pages\/73","targetHints":{"allow":["GET"]}}],"collection":[{"href":"https:\/\/pixelat.ro\/en\/wp-json\/wp\/v2\/pages"}],"about":[{"href":"https:\/\/pixelat.ro\/en\/wp-json\/wp\/v2\/types\/page"}],"author":[{"embeddable":true,"href":"https:\/\/pixelat.ro\/en\/wp-json\/wp\/v2\/users\/1"}],"replies":[{"embeddable":true,"href":"https:\/\/pixelat.ro\/en\/wp-json\/wp\/v2\/comments?post=73"}],"version-history":[{"count":14,"href":"https:\/\/pixelat.ro\/en\/wp-json\/wp\/v2\/pages\/73\/revisions"}],"predecessor-version":[{"id":3065,"href":"https:\/\/pixelat.ro\/en\/wp-json\/wp\/v2\/pages\/73\/revisions\/3065"}],"wp:attachment":[{"href":"https:\/\/pixelat.ro\/en\/wp-json\/wp\/v2\/media?parent=73"}],"curies":[{"name":"wp","href":"https:\/\/api.w.org\/{rel}","templated":true}]}}