{"id":8,"date":"2025-06-26T12:47:42","date_gmt":"2025-06-26T12:47:42","guid":{"rendered":"https:\/\/sites.generatepress.com\/painter\/?page_id=8"},"modified":"2025-07-07T19:58:37","modified_gmt":"2025-07-07T16:58:37","slug":"art-hobby","status":"publish","type":"page","link":"https:\/\/pixelat.ro\/en\/","title":{"rendered":"Home"},"content":{"rendered":"<div class=\"gb-element-33a99403\">\n<div class=\"gb-element-189d95cc\">\n<h1 class=\"gb-text gb-text-d7189a1f\"><strong>New Art Hobby<\/strong> for creative people<\/h1>\n\n\n\n<div class=\"gb-element-921c3b37\">\n<a class=\"gb-text-f4aeeaac\" href=\"https:\/\/pixelat.ro\/en\/galeria-pixel-art\/\"><span class=\"gb-shape\"><svg xmlns=\"http:\/\/www.w3.org\/2000\/svg\" viewbox=\"0 0 46 22\"><path d=\"m45.41 9.59-9-9a2.004 2.004 0 0 0-3.42 1.42c0 .54.21 1.04.59 1.41l5.59 5.59H2c-1.1 0-2 .9-2 2s.9 2 2 2h37.17l-5.59 5.58c-.38.38-.59.88-.59 1.42s.21 1.04.59 1.41c.38.38.88.59 1.42.59s1.04-.21 1.41-.59l9-9c.38-.38.59-.88.59-1.42 0-.53-.21-1.04-.59-1.41Z\"><\/path><\/svg><\/span><span class=\"gb-text\">Gallery<\/span><\/a>\n<\/div>\n<\/div>\n<\/div>\n\n\n\n<div class=\"gb-element-97392108\">\n<div class=\"gb-element-471d251e\">\n<img fetchpriority=\"high\" decoding=\"async\" width=\"768\" height=\"768\" class=\"gb-media-a8d1c18e\" alt=\"art hobby\" src=\"https:\/\/pixelat.ro\/wp-content\/uploads\/2025\/07\/art.hobby_.design.pixelat-768x768.avif\" title=\"art.hobby.design.pixelat\" srcset=\"https:\/\/pixelat.ro\/wp-content\/uploads\/2025\/07\/art.hobby_.design.pixelat-768x768.avif 768w, https:\/\/pixelat.ro\/wp-content\/uploads\/2025\/07\/art.hobby_.design.pixelat-300x300.avif 300w, https:\/\/pixelat.ro\/wp-content\/uploads\/2025\/07\/art.hobby_.design.pixelat-1024x1024.avif 1024w, https:\/\/pixelat.ro\/wp-content\/uploads\/2025\/07\/art.hobby_.design.pixelat-150x150.avif 150w, https:\/\/pixelat.ro\/wp-content\/uploads\/2025\/07\/art.hobby_.design.pixelat-12x12.avif 12w, https:\/\/pixelat.ro\/wp-content\/uploads\/2025\/07\/art.hobby_.design.pixelat-200x200.avif 200w, https:\/\/pixelat.ro\/wp-content\/uploads\/2025\/07\/art.hobby_.design.pixelat-100x100.avif 100w, https:\/\/pixelat.ro\/wp-content\/uploads\/2025\/07\/art.hobby_.design.pixelat.avif 1080w\" sizes=\"(max-width: 768px) 100vw, 768px\" \/>\n<\/div>\n\n\n\n<div class=\"gb-element-04b504ee\">\n<p class=\"gb-text gb-text-4b5b6df7\">new creative concept<\/p>\n\n\n\n<h2 class=\"gb-text gb-text-c04f7bbd\">New Art Hobby, made in Romania<\/h2>\n\n\n\n<p class=\"gb-text gb-text-a9d74641\">What is Pixelat?<\/p>\n\n\n\n<p class=\"gb-text gb-text-6f1c2915\">PIXELAT is a new ART HOBBY concept: creating tangible Pixel Art in physical reality. Retro aesthetic designs, such as the pixelated computer icons of the 90s, or any other design composed of pixels - squares - can now be recreated in physical reality with PIXELAT creative kits.<\/p>\n\n\n\n<p>The kits contain colored or white mini ceramic tiles (which you can paint yourself), the design and mounting instructions. The tiles can be mounted on any surface, from paintings, decorative objects, walls, indoors or outdoors. <\/p>\n\n\n\n<p>It's a relaxing, creative activity, away from cell phone screens, that connects with you and gives you the joy of creativity. And if you enjoy it, you can further transform this Art Hobby into home &amp; design products for yourself and others. <\/p>\n\n\n\n<p><br>PIXELAT is a concept created from scratch and developed <strong>100% in Romania<\/strong>. Everything is locally produced for creative people from all over the world. <\/p>\n\n\n\n<p>Learn more about us.<\/p>\n\n\n\n<div class=\"gb-element-eb9e64f1\">\n<a class=\"gb-text-a5183ee0\" href=\"https:\/\/pixelat.ro\/en\/art-hobby-studio\/\"><span class=\"gb-text\">About us<\/span><span class=\"gb-shape\"><svg xmlns=\"http:\/\/www.w3.org\/2000\/svg\" viewbox=\"0 0 46 22\"><path d=\"m45.41 9.59-9-9a2.004 2.004 0 0 0-3.42 1.42c0 .54.21 1.04.59 1.41l5.59 5.59H2c-1.1 0-2 .9-2 2s.9 2 2 2h37.17l-5.59 5.58c-.38.38-.59.88-.59 1.42s.21 1.04.59 1.41c.38.38.88.59 1.42.59s1.04-.21 1.41-.59l9-9c.38-.38.59-.88.59-1.42 0-.53-.21-1.04-.59-1.41Z\"><\/path><\/svg><\/span><\/a>\n<\/div>\n<\/div>\n<\/div>\n\n\n\n<div class=\"gb-element-09815c16\">\n<div class=\"gb-element-bc2878f5\">\n<div>\n<img data-recalc-dims=\"1\" decoding=\"async\" width=\"1080\" height=\"1350\" class=\"gb-media-34a92068\" alt=\"mona lisa pixel art\" src=\"https:\/\/i0.wp.com\/pixelat.ro\/wp-content\/uploads\/2024\/04\/design15.pixelat1.jpg?resize=1080%2C1350\" title=\"design15.pixelat1\" srcset=\"https:\/\/pixelat.ro\/wp-content\/uploads\/2024\/04\/design15.pixelat1.avif 1080w, https:\/\/pixelat.ro\/wp-content\/uploads\/2024\/04\/design15.pixelat1.avif 240w, https:\/\/pixelat.ro\/wp-content\/uploads\/2024\/04\/design15.pixelat1.avif 819w, https:\/\/pixelat.ro\/wp-content\/uploads\/2024\/04\/design15.pixelat1.avif 768w, https:\/\/pixelat.ro\/wp-content\/uploads\/2024\/04\/design15.pixelat1.avif 10w, https:\/\/pixelat.ro\/wp-content\/uploads\/2024\/04\/design15.pixelat1.avif 400w\" sizes=\"(max-width: 1080px) 100vw, 1080px\" \/>\n<\/div>\n\n\n\n<div>\n<img decoding=\"async\" width=\"1080\" height=\"1350\" class=\"gb-media-06bb30c3\" alt=\"pixel art\" src=\"http:\/\/pixelat.ro\/wp-content\/uploads\/2024\/04\/design4.pixelat.1.avif\" title=\"design4.pixelat.1\"\/>\n<\/div>\n\n\n\n<div>\n<img loading=\"lazy\" decoding=\"async\" width=\"1080\" height=\"1350\" class=\"gb-media-db1d6faa\" alt=\"cacti pixel art\" src=\"http:\/\/pixelat.ro\/wp-content\/uploads\/2024\/04\/design8.pixelat.1.avif\" title=\"design8.pixelat.1\"\/>\n<\/div>\n\n\n\n<div>\n<p class=\"gb-text gb-text-34fde546\">mindful art<\/p>\n\n\n\n<h2 class=\"gb-text gb-text-401ce9c1\">Creative reconnection through art hobby<\/h2>\n\n\n\n<div class=\"gb-element-5ea18913\">\n<a class=\"gb-text-65b0b220\" href=\"https:\/\/pixelat.ro\/en\/galeria-pixel-art\/\"><span class=\"gb-text\">View designs<\/span><span class=\"gb-shape\"><svg xmlns=\"http:\/\/www.w3.org\/2000\/svg\" viewbox=\"0 0 46 22\"><path d=\"m45.41 9.59-9-9a2.004 2.004 0 0 0-3.42 1.42c0 .54.21 1.04.59 1.41l5.59 5.59H2c-1.1 0-2 .9-2 2s.9 2 2 2h37.17l-5.59 5.58c-.38.38-.59.88-.59 1.42s.21 1.04.59 1.41c.38.38.88.59 1.42.59s1.04-.21 1.41-.59l9-9c.38-.38.59-.88.59-1.42 0-.53-.21-1.04-.59-1.41Z\"><\/path><\/svg><\/span><\/a>\n<\/div>\n<\/div>\n\n\n\n<div class=\"gb-element-79dc6d39\">\n<p class=\"gb-text gb-text-27443b1d\">Pixelat is <strong>Mindful Art<\/strong>. In a world where everything happens on screens, Pixelat gives you a real space to disconnect: through simple, repetitive gestures that calm the mind and activate creativity. Each square piece is a real-life, tangible pixel that you place with intention, building not just a painting, but a moment for yourself. It's a form of analog play, a tactile pause that reconnects you with your inner rhythm and gives you the satisfaction of creating something concrete, lasting and personal.<\/p>\n\n\n\n<p class=\"gb-text gb-text-22d5af74\">Creative kits give you the digital disconnect to reconnect creatively with yourself.  <\/p>\n\n\n\n<h2 class=\"wp-block-heading\">Try for free<\/h2>\n\n\n\n<p>We are just getting started and want to test together this new type of\u00a0<strong>art hobby<\/strong>. From July-September 2025 we're offering free Pixelat kits to those who want to try it out and send us brief feedback. You only pay the shipping. Discover the gallery of models available now and order at contact@pixelat.ro or use the dedicated form. Follow us on Instagram and quickly find out when we release new models \ud83d\udc49 <a href=\"https:\/\/www.instagram.com\/pixel.art.box\/\">here<\/a>. <\/p>\n<\/div>\n<\/div>\n<\/div>","protected":false},"excerpt":{"rendered":"<p>Art Hobby nou pentru oameni creativi Galerie concept creativ nou ART HOBBY nou, creat \u00een Rom\u00e2nia Ce este PIXELAT? PIXELAT e un concept nou de ART HOBBY: crea\u021bie de Pixel Art tangibil, \u00een realitatea fizic\u0103. Modelele din estetica retro, cum sunt iconi\u021bele pixelate ale calculatoarelor din anii &#8217;90, sau orice alt desen compus din pixeli &#8230; <a title=\"Home\" class=\"read-more\" href=\"https:\/\/pixelat.ro\/en\/\" aria-label=\"Read more about Home\">Read more<\/a><\/p>","protected":false},"author":1,"featured_media":0,"parent":0,"menu_order":0,"comment_status":"closed","ping_status":"closed","template":"","meta":{"_monsterinsights_skip_tracking":false,"_monsterinsights_sitenote_active":false,"_monsterinsights_sitenote_note":"","_monsterinsights_sitenote_category":0,"jetpack_post_was_ever_published":false,"footnotes":""},"class_list":["post-8","page","type-page","status-publish"],"yoast_head":"<!-- This site is optimized with the Yoast SEO plugin v25.4 - https:\/\/yoast.com\/wordpress\/plugins\/seo\/ -->\n<title>Art Hobby NOU - PIXELAT Studio<\/title>\n<meta name=\"description\" content=\"Art Hobby Nou aici: creeaz\u0103 Pixel Art tangibil cu kiturile Pixelat. Evadare creativ\u0103 \u00een via\u021ba real\u0103! Descoper\u0103 noul concept. Made in \ud83c\uddf7\ud83c\uddf4\" \/>\n<meta name=\"robots\" content=\"index, follow, max-snippet:-1, max-image-preview:large, max-video-preview:-1\" \/>\n<link rel=\"canonical\" href=\"https:\/\/pixelat.ro\/en\/\" \/>\n<meta property=\"og:locale\" content=\"en_US\" \/>\n<meta property=\"og:type\" content=\"article\" \/>\n<meta property=\"og:title\" content=\"Art Hobby NOU - PIXELAT Studio\" \/>\n<meta property=\"og:description\" content=\"Art Hobby Nou aici: creeaz\u0103 Pixel Art tangibil cu kiturile Pixelat. Evadare creativ\u0103 \u00een via\u021ba real\u0103! Descoper\u0103 noul concept. Made in \ud83c\uddf7\ud83c\uddf4\" \/>\n<meta property=\"og:url\" content=\"https:\/\/pixelat.ro\/en\/\" \/>\n<meta property=\"og:site_name\" content=\"PIXELAT\" \/>\n<meta property=\"article:publisher\" content=\"https:\/\/www.facebook.com\/pixel.art.box\/\" \/>\n<meta property=\"article:modified_time\" content=\"2025-07-07T16:58:37+00:00\" \/>\n<meta property=\"og:image\" content=\"https:\/\/pixelat.ro\/wp-content\/uploads\/2025\/07\/art.hobby_.design.pixelat-768x768.avif\" \/>\n<meta name=\"twitter:card\" content=\"summary_large_image\" \/>\n<meta name=\"twitter:label1\" content=\"Est. reading time\" \/>\n\t<meta name=\"twitter:data1\" content=\"3 minutes\" \/>\n<script type=\"application\/ld+json\" class=\"yoast-schema-graph\">{\"@context\":\"https:\/\/schema.org\",\"@graph\":[{\"@type\":\"WebPage\",\"@id\":\"https:\/\/pixelat.ro\/\",\"url\":\"https:\/\/pixelat.ro\/\",\"name\":\"Art Hobby NOU - PIXELAT Studio\",\"isPartOf\":{\"@id\":\"https:\/\/pixelat.ro\/#website\"},\"primaryImageOfPage\":{\"@id\":\"https:\/\/pixelat.ro\/#primaryimage\"},\"image\":{\"@id\":\"https:\/\/pixelat.ro\/#primaryimage\"},\"thumbnailUrl\":\"https:\/\/pixelat.ro\/wp-content\/uploads\/2025\/07\/art.hobby_.design.pixelat-768x768.avif\",\"datePublished\":\"2025-06-26T12:47:42+00:00\",\"dateModified\":\"2025-07-07T16:58:37+00:00\",\"description\":\"Art Hobby Nou aici: creeaz\u0103 Pixel Art tangibil cu kiturile Pixelat. Evadare creativ\u0103 \u00een via\u021ba real\u0103! Descoper\u0103 noul concept. Made in \ud83c\uddf7\ud83c\uddf4\",\"breadcrumb\":{\"@id\":\"https:\/\/pixelat.ro\/#breadcrumb\"},\"inLanguage\":\"en-US\",\"potentialAction\":[{\"@type\":\"ReadAction\",\"target\":[\"https:\/\/pixelat.ro\/\"]}]},{\"@type\":\"ImageObject\",\"inLanguage\":\"en-US\",\"@id\":\"https:\/\/pixelat.ro\/#primaryimage\",\"url\":\"https:\/\/pixelat.ro\/wp-content\/uploads\/2025\/07\/art.hobby_.design.pixelat-768x768.avif\",\"contentUrl\":\"https:\/\/pixelat.ro\/wp-content\/uploads\/2025\/07\/art.hobby_.design.pixelat-768x768.avif\"},{\"@type\":\"BreadcrumbList\",\"@id\":\"https:\/\/pixelat.ro\/#breadcrumb\",\"itemListElement\":[{\"@type\":\"ListItem\",\"position\":1,\"name\":\"Prima pagin\u0103\",\"item\":\"https:\/\/pixelat.ro\/\"},{\"@type\":\"ListItem\",\"position\":2,\"name\":\"Home\"}]},{\"@type\":\"WebSite\",\"@id\":\"https:\/\/pixelat.ro\/#website\",\"url\":\"https:\/\/pixelat.ro\/\",\"name\":\"PIXELAT\",\"description\":\"Art Hobby\",\"publisher\":{\"@id\":\"https:\/\/pixelat.ro\/#organization\"},\"potentialAction\":[{\"@type\":\"SearchAction\",\"target\":{\"@type\":\"EntryPoint\",\"urlTemplate\":\"https:\/\/pixelat.ro\/?s={search_term_string}\"},\"query-input\":{\"@type\":\"PropertyValueSpecification\",\"valueRequired\":true,\"valueName\":\"search_term_string\"}}],\"inLanguage\":\"en-US\"},{\"@type\":\"Organization\",\"@id\":\"https:\/\/pixelat.ro\/#organization\",\"name\":\"PIXELAT\",\"url\":\"https:\/\/pixelat.ro\/\",\"logo\":{\"@type\":\"ImageObject\",\"inLanguage\":\"en-US\",\"@id\":\"https:\/\/pixelat.ro\/#\/schema\/logo\/image\/\",\"url\":\"https:\/\/pixelat.ro\/wp-content\/uploads\/2024\/04\/cropped-cropped-fulllogo_transparent.avif\",\"contentUrl\":\"https:\/\/pixelat.ro\/wp-content\/uploads\/2024\/04\/cropped-cropped-fulllogo_transparent.avif\",\"width\":765,\"height\":765,\"caption\":\"PIXELAT\"},\"image\":{\"@id\":\"https:\/\/pixelat.ro\/#\/schema\/logo\/image\/\"},\"sameAs\":[\"https:\/\/www.facebook.com\/pixel.art.box\/\",\"https:\/\/www.instagram.com\/pixel.art.box\/\"]}]}<\/script>\n<!-- \/ Yoast SEO plugin. -->","yoast_head_json":{"title":"Art Hobby NOU - PIXELAT Studio","description":"Art Hobby Nou aici: creeaz\u0103 Pixel Art tangibil cu kiturile Pixelat. Evadare creativ\u0103 \u00een via\u021ba real\u0103! Descoper\u0103 noul concept. Made in \ud83c\uddf7\ud83c\uddf4","robots":{"index":"index","follow":"follow","max-snippet":"max-snippet:-1","max-image-preview":"max-image-preview:large","max-video-preview":"max-video-preview:-1"},"canonical":"https:\/\/pixelat.ro\/en\/","og_locale":"en_US","og_type":"article","og_title":"Art Hobby NOU - PIXELAT Studio","og_description":"Art Hobby Nou aici: creeaz\u0103 Pixel Art tangibil cu kiturile Pixelat. Evadare creativ\u0103 \u00een via\u021ba real\u0103! Descoper\u0103 noul concept. Made in \ud83c\uddf7\ud83c\uddf4","og_url":"https:\/\/pixelat.ro\/en\/","og_site_name":"PIXELAT","article_publisher":"https:\/\/www.facebook.com\/pixel.art.box\/","article_modified_time":"2025-07-07T16:58:37+00:00","og_image":[{"url":"https:\/\/pixelat.ro\/wp-content\/uploads\/2025\/07\/art.hobby_.design.pixelat-768x768.avif","type":"","width":"","height":""}],"twitter_card":"summary_large_image","twitter_misc":{"Est. reading time":"3 minutes"},"schema":{"@context":"https:\/\/schema.org","@graph":[{"@type":"WebPage","@id":"https:\/\/pixelat.ro\/","url":"https:\/\/pixelat.ro\/","name":"Art Hobby NOU - PIXELAT Studio","isPartOf":{"@id":"https:\/\/pixelat.ro\/#website"},"primaryImageOfPage":{"@id":"https:\/\/pixelat.ro\/#primaryimage"},"image":{"@id":"https:\/\/pixelat.ro\/#primaryimage"},"thumbnailUrl":"https:\/\/pixelat.ro\/wp-content\/uploads\/2025\/07\/art.hobby_.design.pixelat-768x768.avif","datePublished":"2025-06-26T12:47:42+00:00","dateModified":"2025-07-07T16:58:37+00:00","description":"Art Hobby Nou aici: creeaz\u0103 Pixel Art tangibil cu kiturile Pixelat. Evadare creativ\u0103 \u00een via\u021ba real\u0103! Descoper\u0103 noul concept. Made in \ud83c\uddf7\ud83c\uddf4","breadcrumb":{"@id":"https:\/\/pixelat.ro\/#breadcrumb"},"inLanguage":"en-US","potentialAction":[{"@type":"ReadAction","target":["https:\/\/pixelat.ro\/"]}]},{"@type":"ImageObject","inLanguage":"en-US","@id":"https:\/\/pixelat.ro\/#primaryimage","url":"https:\/\/pixelat.ro\/wp-content\/uploads\/2025\/07\/art.hobby_.design.pixelat-768x768.avif","contentUrl":"https:\/\/pixelat.ro\/wp-content\/uploads\/2025\/07\/art.hobby_.design.pixelat-768x768.avif"},{"@type":"BreadcrumbList","@id":"https:\/\/pixelat.ro\/#breadcrumb","itemListElement":[{"@type":"ListItem","position":1,"name":"Prima pagin\u0103","item":"https:\/\/pixelat.ro\/"},{"@type":"ListItem","position":2,"name":"Home"}]},{"@type":"WebSite","@id":"https:\/\/pixelat.ro\/#website","url":"https:\/\/pixelat.ro\/","name":"PIXELAT","description":"Art Hobby","publisher":{"@id":"https:\/\/pixelat.ro\/#organization"},"potentialAction":[{"@type":"SearchAction","target":{"@type":"EntryPoint","urlTemplate":"https:\/\/pixelat.ro\/?s={search_term_string}"},"query-input":{"@type":"PropertyValueSpecification","valueRequired":true,"valueName":"search_term_string"}}],"inLanguage":"en-US"},{"@type":"Organization","@id":"https:\/\/pixelat.ro\/#organization","name":"PIXELAT","url":"https:\/\/pixelat.ro\/","logo":{"@type":"ImageObject","inLanguage":"en-US","@id":"https:\/\/pixelat.ro\/#\/schema\/logo\/image\/","url":"https:\/\/pixelat.ro\/wp-content\/uploads\/2024\/04\/cropped-cropped-fulllogo_transparent.avif","contentUrl":"https:\/\/pixelat.ro\/wp-content\/uploads\/2024\/04\/cropped-cropped-fulllogo_transparent.avif","width":765,"height":765,"caption":"PIXELAT"},"image":{"@id":"https:\/\/pixelat.ro\/#\/schema\/logo\/image\/"},"sameAs":["https:\/\/www.facebook.com\/pixel.art.box\/","https:\/\/www.instagram.com\/pixel.art.box\/"]}]}},"jetpack-related-posts":[],"jetpack_sharing_enabled":true,"_links":{"self":[{"href":"https:\/\/pixelat.ro\/en\/wp-json\/wp\/v2\/pages\/8","targetHints":{"allow":["GET"]}}],"collection":[{"href":"https:\/\/pixelat.ro\/en\/wp-json\/wp\/v2\/pages"}],"about":[{"href":"https:\/\/pixelat.ro\/en\/wp-json\/wp\/v2\/types\/page"}],"author":[{"embeddable":true,"href":"https:\/\/pixelat.ro\/en\/wp-json\/wp\/v2\/users\/1"}],"replies":[{"embeddable":true,"href":"https:\/\/pixelat.ro\/en\/wp-json\/wp\/v2\/comments?post=8"}],"version-history":[{"count":28,"href":"https:\/\/pixelat.ro\/en\/wp-json\/wp\/v2\/pages\/8\/revisions"}],"predecessor-version":[{"id":3082,"href":"https:\/\/pixelat.ro\/en\/wp-json\/wp\/v2\/pages\/8\/revisions\/3082"}],"wp:attachment":[{"href":"https:\/\/pixelat.ro\/en\/wp-json\/wp\/v2\/media?parent=8"}],"curies":[{"name":"wp","href":"https:\/\/api.w.org\/{rel}","templated":true}]}}